{"id":3644,"date":"2016-05-12T14:03:00","date_gmt":"2016-05-12T13:03:00","guid":{"rendered":"http:\/\/worldploughing.org\/?page_id=3644"},"modified":"2016-07-15T21:30:37","modified_gmt":"2016-07-15T20:30:37","slug":"conventional-competitors","status":"publish","type":"page","link":"https:\/\/worldploughing.org\/?page_id=3644","title":{"rendered":"Conventional Competitors"},"content":{"rendered":"<table width=\"100{5555a0f24f4c2d78c0d4654f0165d036de821d4468a23837bd330c55192af06c}\">\n<tbody>\n<tr>\n<td width=\"141\"><span style=\"color: #800000;\">CONVENTIONAL<\/span><\/td>\n<td width=\"98\"><span style=\"color: #800000;\">NAME<\/span><\/td>\n<td width=\"53\"><span style=\"color: #800000;\">SURNAME<\/span><\/td>\n<\/tr>\n<tr>\n<td>AUSTRALIA<\/td>\n<td>Shayne<\/td>\n<td>Neal<\/td>\n<\/tr>\n<tr>\n<td>AUSTRIA<\/td>\n<td>Philip<\/td>\n<td>Bauer<\/td>\n<\/tr>\n<tr>\n<td>BELGIUM<\/td>\n<td>Marnix<\/td>\n<td>Stockman<\/td>\n<\/tr>\n<tr>\n<td>CANADA<\/td>\n<td>Brandon<\/td>\n<td>McGavin<\/td>\n<\/tr>\n<tr>\n<td>CROATIA<\/td>\n<td>Sa\u0161a<\/td>\n<td>Vi\u0161ak<\/td>\n<\/tr>\n<tr>\n<td>CZECH REPUBLIC<\/td>\n<td>V\u00e1clav<\/td>\n<td>Mil\u00edk<\/td>\n<\/tr>\n<tr>\n<td>DENMARK<\/td>\n<td>Flemming<\/td>\n<td>Thorsager<\/td>\n<\/tr>\n<tr>\n<td>ENGLAND<\/td>\n<td>David<\/td>\n<td>Chappell<\/td>\n<\/tr>\n<tr>\n<td>ESTONIA<\/td>\n<td>Raido<\/td>\n<td>Kunila<\/td>\n<\/tr>\n<tr>\n<td>FINLAND<\/td>\n<td>Jarmo<\/td>\n<td>It\u00e4lehto<\/td>\n<\/tr>\n<tr>\n<td>FRANCE<\/td>\n<td>Bertrand<\/td>\n<td>Rott<\/td>\n<\/tr>\n<tr>\n<td>GERMANY<\/td>\n<td>Carsten<\/td>\n<td>Berl<\/td>\n<\/tr>\n<tr>\n<td>KENYA<\/td>\n<td>Joshua<\/td>\n<td>Kiptim Kigen<\/td>\n<\/tr>\n<tr>\n<td>KOSOVO<\/td>\n<td>Lulzim<\/td>\n<td>Shehu<\/td>\n<\/tr>\n<tr>\n<td>LITHUANIA<\/td>\n<td>Audrius<\/td>\n<td>Plerpa<\/td>\n<\/tr>\n<tr>\n<td>MACEDONIA<\/td>\n<td>Done<\/td>\n<td>Tungelov<\/td>\n<\/tr>\n<tr>\n<td>NETHERLANDS<\/td>\n<td>Ad<\/td>\n<td>Buijs<\/td>\n<\/tr>\n<tr>\n<td>NEW ZEALAND<\/td>\n<td>Ian<\/td>\n<td>Woolley<\/td>\n<\/tr>\n<tr>\n<td>NORTHERN IRELAND<\/td>\n<td>Samuel<\/td>\n<td>Gill<\/td>\n<\/tr>\n<tr>\n<td>NORWAY<\/td>\n<td>Kjartan<\/td>\n<td>Trane Skadsem<\/td>\n<\/tr>\n<tr>\n<td>REP OF IRELAND<\/td>\n<td>Eamonn<\/td>\n<td>Tracey<\/td>\n<\/tr>\n<tr>\n<td>RUSSIA<\/td>\n<td><\/td>\n<td><\/td>\n<\/tr>\n<tr>\n<td>SCOTLAND<\/td>\n<td>Andrew B<\/td>\n<td>Mitchell Jnr<\/td>\n<\/tr>\n<tr>\n<td>SLOVENIA<\/td>\n<td>Matej<\/td>\n<td>Sinic<\/td>\n<\/tr>\n<tr>\n<td>SOUTH AFRICIA<\/td>\n<td>Richard<\/td>\n<td>Venema<\/td>\n<\/tr>\n<tr>\n<td>SPAIN<\/td>\n<td>David<\/td>\n<td>Rodriguez Sanchez<\/td>\n<\/tr>\n<tr>\n<td>SWEDEN<\/td>\n<td>Emilia<\/td>\n<td>Bengtsdottir<\/td>\n<\/tr>\n<tr>\n<td>SWITZERLAND<\/td>\n<td><\/td>\n<td><\/td>\n<\/tr>\n<tr>\n<td>USA<\/td>\n<td>Austin<\/td>\n<td>Magnuson<\/td>\n<\/tr>\n<tr>\n<td>WALES<\/td>\n<td>Evan<\/td>\n<td>Watkin<\/td>\n<\/tr>\n<\/tbody>\n<\/table>\n","protected":false},"excerpt":{"rendered":"<p>CONVENTIONAL NAME SURNAME AUSTRALIA Shayne Neal AUSTRIA Philip Bauer BELGIUM Marnix Stockman CANADA Brandon McGavin CROATIA Sa\u0161a Vi\u0161ak CZECH REPUBLIC V\u00e1clav Mil\u00edk DENMARK Flemming Thorsager ENGLAND David Chappell ESTONIA Raido Kunila FINLAND Jarmo It\u00e4lehto FRANCE Bertrand Rott GERMANY Carsten Berl&#8230; <a class=\"more-link\" href=\"https:\/\/worldploughing.org\/?page_id=3644\">Continue Reading &rarr;<\/a><\/p>\n","protected":false},"author":1,"featured_media":0,"parent":3634,"menu_order":0,"comment_status":"closed","ping_status":"closed","template":"","meta":{"ngg_post_thumbnail":0,"footnotes":"","_links_to":"","_links_to_target":""},"class_list":["post-3644","page","type-page","status-publish","hentry"],"_links":{"self":[{"href":"https:\/\/worldploughing.org\/index.php?rest_route=\/wp\/v2\/pages\/3644","targetHints":{"allow":["GET"]}}],"collection":[{"href":"https:\/\/worldploughing.org\/index.php?rest_route=\/wp\/v2\/pages"}],"about":[{"href":"https:\/\/worldploughing.org\/index.php?rest_route=\/wp\/v2\/types\/page"}],"author":[{"embeddable":true,"href":"https:\/\/worldploughing.org\/index.php?rest_route=\/wp\/v2\/users\/1"}],"replies":[{"embeddable":true,"href":"https:\/\/worldploughing.org\/index.php?rest_route=%2Fwp%2Fv2%2Fcomments&post=3644"}],"version-history":[{"count":9,"href":"https:\/\/worldploughing.org\/index.php?rest_route=\/wp\/v2\/pages\/3644\/revisions"}],"predecessor-version":[{"id":3719,"href":"https:\/\/worldploughing.org\/index.php?rest_route=\/wp\/v2\/pages\/3644\/revisions\/3719"}],"up":[{"embeddable":true,"href":"https:\/\/worldploughing.org\/index.php?rest_route=\/wp\/v2\/pages\/3634"}],"wp:attachment":[{"href":"https:\/\/worldploughing.org\/index.php?rest_route=%2Fwp%2Fv2%2Fmedia&parent=3644"}],"curies":[{"name":"wp","href":"https:\/\/api.w.org\/{rel}","templated":true}]}}