{"id":5631,"date":"2019-05-30T10:15:44","date_gmt":"2019-05-30T09:15:44","guid":{"rendered":"http:\/\/worldploughing.org\/?page_id=5631"},"modified":"2019-08-20T14:09:46","modified_gmt":"2019-08-20T13:09:46","slug":"reversible-competitors","status":"publish","type":"page","link":"https:\/\/worldploughing.org\/?page_id=5631","title":{"rendered":"Reversible Competitors"},"content":{"rendered":"<table border=\"0\" cellspacing=\"0\">\n<colgroup width=\"177\"><\/colgroup>\n<colgroup width=\"133\"><\/colgroup>\n<colgroup width=\"86\"><\/colgroup>\n<colgroup width=\"140\"><\/colgroup>\n<tbody>\n<tr>\n<td align=\"right\" valign=\"bottom\" height=\"52\"><b><span style=\"color: #ff0000; font-family: Verdana;\">REVERSIBLE<\/span><\/b><\/td>\n<td align=\"right\" valign=\"bottom\"><b><span style=\"color: #ff0000; font-family: Verdana;\">WPO AFFILIATE ORGANIZATION<\/span><\/b><\/td>\n<td align=\"right\" valign=\"bottom\"><b><span style=\"color: #ff0000; font-family: Verdana;\">NAME<\/span><\/b><\/td>\n<td align=\"right\" valign=\"bottom\"><b><span style=\"color: #ff0000; font-family: Verdana;\">Surname<\/span><\/b><\/td>\n<\/tr>\n<tr>\n<td align=\"right\" valign=\"bottom\" bgcolor=\"#F2F2F2\" height=\"33\"><b><span style=\"font-family: Verdana;\">AUSTRALIA<\/span><\/b><\/td>\n<td align=\"right\" valign=\"bottom\" bgcolor=\"#F2F2F2\"><b><span style=\"font-family: Verdana;\">National Ploughing Association of Australia Inc<\/span><\/b><\/td>\n<td align=\"left\" valign=\"bottom\"><b><span style=\"font-family: Verdana;\">Brett<\/span><\/b><\/td>\n<td align=\"left\" valign=\"bottom\"><b><span style=\"font-family: Verdana;\">Loughridge<\/span><\/b><\/td>\n<\/tr>\n<tr>\n<td align=\"right\" valign=\"bottom\" bgcolor=\"#F2F2F2\" height=\"33\"><b><span style=\"font-family: Verdana;\">AUSTRIA<\/span><\/b><\/td>\n<td align=\"right\" valign=\"bottom\" bgcolor=\"#F2F2F2\"><b><span style=\"font-family: Verdana;\">\u00d6sterreichische Arbeitsgemeinschaft f\u00fcr Landjugendfragen<\/span><\/b><\/td>\n<td align=\"left\" valign=\"bottom\"><b><span style=\"font-family: Verdana;\">Andreas <\/span><\/b><\/td>\n<td align=\"left\" valign=\"bottom\"><b><span style=\"font-family: Verdana;\">Gst\u00f6ttenmayr<\/span><\/b><\/td>\n<\/tr>\n<tr>\n<td align=\"right\" valign=\"bottom\" bgcolor=\"#F2F2F2\" height=\"33\"><b><span style=\"font-family: Verdana;\">BELGIUM<\/span><\/b><\/td>\n<td align=\"right\" valign=\"bottom\" bgcolor=\"#F2F2F2\"><b><span style=\"font-family: Verdana;\">Belgisch Ploeg Comite<\/span><\/b><\/td>\n<td align=\"left\" valign=\"bottom\"><b><span style=\"font-family: Verdana;\">Tor<\/span><\/b><\/td>\n<td align=\"left\" valign=\"bottom\"><b><span style=\"font-family: Verdana;\">Broeckx<\/span><\/b><\/td>\n<\/tr>\n<tr>\n<td align=\"right\" valign=\"bottom\" bgcolor=\"#F2F2F2\" height=\"33\"><b><span style=\"font-family: Verdana;\">CANADA<\/span><\/b><\/td>\n<td align=\"right\" valign=\"bottom\" bgcolor=\"#F2F2F2\"><b><span style=\"font-family: Verdana;\">Canadian Plowing Organization<\/span><\/b><\/td>\n<td align=\"left\" valign=\"bottom\"><b><span style=\"font-family: Verdana;\">Thomas<\/span><\/b><\/td>\n<td align=\"left\" valign=\"bottom\"><b><span style=\"font-family: Verdana;\">Evans<\/span><\/b><\/td>\n<\/tr>\n<tr>\n<td align=\"right\" valign=\"bottom\" bgcolor=\"#F2F2F2\" height=\"33\"><b><span style=\"font-family: Verdana;\">CROATIA<\/span><\/b><\/td>\n<td align=\"right\" valign=\"bottom\" bgcolor=\"#F2F2F2\"><b><span style=\"color: #000000; font-family: Verdana;\">Hrvatska udruga za organizaciju natjecanja ora\u010da<\/span><\/b><\/td>\n<td align=\"left\" valign=\"bottom\"><b><span style=\"font-family: Verdana;\">Ivan <\/span><\/b><\/td>\n<td align=\"left\" valign=\"bottom\"><b><span style=\"font-family: Verdana;\">Spudi\u0107<\/span><\/b><\/td>\n<\/tr>\n<tr>\n<td align=\"right\" valign=\"bottom\" bgcolor=\"#F2F2F2\" height=\"33\"><b><span style=\"font-family: Verdana;\">CZECH REPUBLIC<\/span><\/b><\/td>\n<td align=\"right\" valign=\"bottom\" bgcolor=\"#F2F2F2\"><b><span style=\"color: #000000; font-family: Verdana;\">Spolecnost pro Orbu Ceske Republiky<\/span><\/b><\/td>\n<td align=\"left\" valign=\"bottom\"><b><span style=\"color: #000000; font-family: Verdana;\">Petr <\/span><\/b><\/td>\n<td align=\"left\" valign=\"bottom\"><b><span style=\"color: #000000; font-family: Verdana;\">\u0160teidl<\/span><\/b><\/td>\n<\/tr>\n<tr>\n<td align=\"right\" valign=\"bottom\" bgcolor=\"#F2F2F2\" height=\"33\"><b><span style=\"font-family: Verdana;\">DENMARK<\/span><\/b><\/td>\n<td align=\"right\" valign=\"bottom\" bgcolor=\"#F2F2F2\"><b><span style=\"color: #000000; font-family: Verdana;\">LandboUngdom<\/span><\/b><\/td>\n<td align=\"left\" valign=\"bottom\"><b><span style=\"font-family: Verdana;\">S\u00f8ren <\/span><\/b><\/td>\n<td align=\"left\" valign=\"bottom\"><b><span style=\"font-family: Verdana;\">Korsgaard<\/span><\/b><\/td>\n<\/tr>\n<tr>\n<td align=\"right\" valign=\"bottom\" bgcolor=\"#F2F2F2\" height=\"33\"><b><span style=\"font-family: Verdana;\">ENGLAND<\/span><\/b><\/td>\n<td align=\"right\" valign=\"bottom\" bgcolor=\"#F2F2F2\"><b><span style=\"color: #000000; font-family: Verdana;\">The Society of Ploughmen LTD<\/span><\/b><\/td>\n<td align=\"left\" valign=\"bottom\"><b><span style=\"font-family: Verdana;\">Peter<\/span><\/b><\/td>\n<td align=\"left\" valign=\"bottom\"><b><span style=\"font-family: Verdana;\">Alderslade<\/span><\/b><\/td>\n<\/tr>\n<tr>\n<td align=\"right\" valign=\"bottom\" bgcolor=\"#F2F2F2\" height=\"33\"><b><span style=\"font-family: Verdana;\">ESTONIA<\/span><\/b><\/td>\n<td align=\"right\" valign=\"bottom\" bgcolor=\"#F2F2F2\"><b><span style=\"color: #000000; font-family: Verdana;\">Estonian Ploughing Association<\/span><\/b><\/td>\n<td align=\"left\" valign=\"bottom\"><b><span style=\"font-family: Verdana;\">Juri <\/span><\/b><\/td>\n<td align=\"left\" valign=\"bottom\"><b><span style=\"font-family: Verdana;\">Lai<\/span><\/b><\/td>\n<\/tr>\n<tr>\n<td align=\"right\" valign=\"bottom\" bgcolor=\"#F2F2F2\" height=\"33\"><b><span style=\"font-family: Verdana;\">FINLAND<\/span><\/b><\/td>\n<td align=\"right\" valign=\"bottom\" bgcolor=\"#F2F2F2\"><b><span style=\"color: #000000; font-family: Verdana;\">SM-Kynt\u00f6 ry<\/span><\/b><\/td>\n<td align=\"left\" valign=\"bottom\"><b><span style=\"font-family: Verdana;\">&nbsp;<\/span><\/b><\/td>\n<td align=\"left\" valign=\"bottom\"><b><span style=\"font-family: Verdana;\">&nbsp;<\/span><\/b><\/td>\n<\/tr>\n<tr>\n<td align=\"right\" valign=\"bottom\" bgcolor=\"#F2F2F2\" height=\"33\"><b><span style=\"font-family: Verdana;\">FRANCE<\/span><\/b><\/td>\n<td align=\"right\" valign=\"bottom\" bgcolor=\"#F2F2F2\"><b><span style=\"color: #000000; font-family: Verdana;\">JA &#8211; France Labour<\/span><\/b><\/td>\n<td align=\"left\" valign=\"bottom\"><b><span style=\"font-family: Verdana;\">Mathieu<\/span><\/b><\/td>\n<td align=\"left\" valign=\"bottom\"><b><span style=\"font-family: Verdana;\">Cormoreche<\/span><\/b><\/td>\n<\/tr>\n<tr>\n<td align=\"right\" valign=\"bottom\" bgcolor=\"#F2F2F2\" height=\"33\"><b><span style=\"font-family: Verdana;\">GERMANY<\/span><\/b><\/td>\n<td align=\"right\" valign=\"bottom\" bgcolor=\"#F2F2F2\"><b><span style=\"color: #000000; font-family: Verdana;\">Deutscher Pfl\u00fcgerrat E.V.<\/span><\/b><\/td>\n<td align=\"left\" valign=\"bottom\"><b><span style=\"font-family: Verdana;\">Matthias <\/span><\/b><\/td>\n<td align=\"left\" valign=\"bottom\"><b><span style=\"font-family: Verdana;\">Stengelin<\/span><\/b><\/td>\n<\/tr>\n<tr>\n<td align=\"right\" valign=\"bottom\" bgcolor=\"#F2F2F2\" height=\"33\"><b><span style=\"font-family: Verdana;\">KENYA<\/span><\/b><\/td>\n<td align=\"right\" valign=\"bottom\" bgcolor=\"#F2F2F2\"><b><span style=\"color: #000000; font-family: Verdana;\">Kenya Ploughing Organization<\/span><\/b><\/td>\n<td align=\"left\" valign=\"bottom\"><b><span style=\"font-family: Verdana;\">Joshua<\/span><\/b><\/td>\n<td align=\"left\" valign=\"bottom\"><b><span style=\"font-family: Verdana;\">Kiptim Kigen<\/span><\/b><\/td>\n<\/tr>\n<tr>\n<td align=\"right\" valign=\"bottom\" bgcolor=\"#F2F2F2\" height=\"33\"><b><span style=\"font-family: Verdana;\">KOSOVO<\/span><\/b><\/td>\n<td align=\"right\" valign=\"bottom\" bgcolor=\"#F2F2F2\"><b><span style=\"color: #000000; font-family: Verdana;\">Kosovo Ploughing Organization<\/span><\/b><\/td>\n<td align=\"left\" valign=\"bottom\"><b><span style=\"font-family: Verdana;\">&nbsp;<\/span><\/b><\/td>\n<td align=\"left\" valign=\"bottom\"><b><span style=\"font-family: Verdana;\">&nbsp;<\/span><\/b><\/td>\n<\/tr>\n<tr>\n<td align=\"right\" valign=\"bottom\" bgcolor=\"#F2F2F2\" height=\"33\"><b><span style=\"font-family: Verdana;\">LATVIA<\/span><\/b><\/td>\n<td align=\"right\" valign=\"bottom\" bgcolor=\"#F2F2F2\"><b><span style=\"color: #000000; font-family: Verdana;\">Ploughmen Organisation of Latvia<\/span><\/b><\/td>\n<td align=\"left\" valign=\"bottom\"><b><span style=\"font-family: Verdana;\">J\u00e4nis <\/span><\/b><\/td>\n<td align=\"left\" valign=\"bottom\"><b><span style=\"font-family: Verdana;\">Vaitkevics<\/span><\/b><\/td>\n<\/tr>\n<tr>\n<td align=\"right\" valign=\"bottom\" bgcolor=\"#F2F2F2\" height=\"33\"><b><span style=\"font-family: Verdana;\">LITHUANIA<\/span><\/b><\/td>\n<td align=\"right\" valign=\"bottom\" bgcolor=\"#F2F2F2\"><b><span style=\"color: #000000; font-family: Verdana;\">Lithuanian Ploughmen Association<\/span><\/b><\/td>\n<td align=\"left\" valign=\"bottom\"><b><span style=\"font-family: Verdana;\">Kazys <\/span><\/b><\/td>\n<td align=\"left\" valign=\"bottom\"><b><span style=\"font-family: Verdana;\">Gencius<\/span><\/b><\/td>\n<\/tr>\n<tr>\n<td align=\"right\" valign=\"bottom\" bgcolor=\"#F2F2F2\" height=\"33\"><b><span style=\"font-family: Verdana;\">NETHERLANDS<\/span><\/b><\/td>\n<td align=\"right\" valign=\"bottom\" bgcolor=\"#F2F2F2\"><b><span style=\"color: #000000; font-family: Verdana;\">Stichting Ploeguereniging Nederland<\/span><\/b><\/td>\n<td align=\"left\" valign=\"bottom\"><b><span style=\"font-family: Verdana;\">Gerjan <\/span><\/b><\/td>\n<td align=\"left\" valign=\"bottom\"><b><span style=\"font-family: Verdana;\">Roetert<\/span><\/b><\/td>\n<\/tr>\n<tr>\n<td align=\"right\" valign=\"bottom\" bgcolor=\"#F2F2F2\" height=\"33\"><b><span style=\"font-family: Verdana;\">NEW ZEALAND<\/span><\/b><\/td>\n<td align=\"right\" valign=\"bottom\" bgcolor=\"#F2F2F2\"><b><span style=\"color: #000000; font-family: Verdana;\">New Zealand Ploughing Association (Inc.)<\/span><\/b><\/td>\n<td align=\"left\" valign=\"bottom\"><b><span style=\"font-family: Verdana;\">Bob<\/span><\/b><\/td>\n<td align=\"left\" valign=\"bottom\"><b><span style=\"font-family: Verdana;\">Mehrtens<\/span><\/b><\/td>\n<\/tr>\n<tr>\n<td align=\"right\" valign=\"bottom\" bgcolor=\"#F2F2F2\" height=\"33\"><b><span style=\"font-family: Verdana;\">NORTHERN IRELAND<\/span><\/b><\/td>\n<td align=\"right\" valign=\"bottom\" bgcolor=\"#F2F2F2\"><b><span style=\"color: #000000; font-family: Verdana;\">Northern Ireland Ploughing Association<\/span><\/b><\/td>\n<td align=\"left\" valign=\"bottom\"><b><span style=\"font-family: Verdana;\">James<\/span><\/b><\/td>\n<td align=\"left\" valign=\"bottom\"><b><span style=\"font-family: Verdana;\">Coulter<\/span><\/b><\/td>\n<\/tr>\n<tr>\n<td align=\"right\" valign=\"bottom\" bgcolor=\"#F2F2F2\" height=\"33\"><b><span style=\"font-family: Verdana;\">NORWAY<\/span><\/b><\/td>\n<td align=\"right\" valign=\"bottom\" bgcolor=\"#F2F2F2\"><b><span style=\"color: #000000; font-family: Verdana;\">Norsk Pl\u00f8ying<\/span><\/b><\/td>\n<td align=\"left\" valign=\"bottom\"><b><span style=\"font-family: Verdana;\">&nbsp;<\/span><\/b><\/td>\n<td align=\"left\" valign=\"bottom\"><b><span style=\"font-family: Verdana;\">&nbsp;<\/span><\/b><\/td>\n<\/tr>\n<tr>\n<td align=\"right\" valign=\"bottom\" bgcolor=\"#F2F2F2\" height=\"33\"><b><span style=\"font-family: Verdana;\">REP OF IRELAND<\/span><\/b><\/td>\n<td align=\"right\" valign=\"bottom\" bgcolor=\"#F2F2F2\"><b><span style=\"color: #000000; font-family: Verdana;\">National Ploughing Association of Ireland Ltd<\/span><\/b><\/td>\n<td align=\"left\" valign=\"bottom\"><b><span style=\"font-family: Verdana;\">John<\/span><\/b><\/td>\n<td align=\"left\" valign=\"bottom\"><b><span style=\"font-family: Verdana;\">Whelan<\/span><\/b><\/td>\n<\/tr>\n<tr>\n<td align=\"right\" valign=\"bottom\" bgcolor=\"#F2F2F2\" height=\"33\"><b><span style=\"font-family: Verdana;\">SCOTLAND<\/span><\/b><\/td>\n<td align=\"right\" valign=\"bottom\" bgcolor=\"#F2F2F2\"><b><span style=\"color: #000000; font-family: Verdana;\">Ploughing Champsionships (Scotland) Limited<\/span><\/b><\/td>\n<td align=\"left\" valign=\"bottom\"><b><span style=\"font-family: Verdana;\">David <\/span><\/b><\/td>\n<td align=\"left\" valign=\"bottom\"><b><span style=\"font-family: Verdana;\">Carnegie<\/span><\/b><\/td>\n<\/tr>\n<tr>\n<td align=\"right\" valign=\"bottom\" bgcolor=\"#F2F2F2\" height=\"33\"><b><span style=\"font-family: Verdana;\">SLOVENIA<\/span><\/b><\/td>\n<td align=\"right\" valign=\"bottom\" bgcolor=\"#F2F2F2\"><b><span style=\"color: #000000; font-family: Verdana;\">Zveza za tehnicno kulturo Slovenije<\/span><\/b><\/td>\n<td align=\"left\" valign=\"bottom\"><b><span style=\"font-family: Verdana;\">Uro\u0161 <\/span><\/b><\/td>\n<td align=\"left\" valign=\"bottom\"><b><span style=\"font-family: Verdana;\">Pate<\/span><\/b><\/td>\n<\/tr>\n<tr>\n<td align=\"right\" valign=\"bottom\" bgcolor=\"#F2F2F2\" height=\"33\"><b><span style=\"font-family: Verdana;\">SWEDEN<\/span><\/b><\/td>\n<td align=\"right\" valign=\"bottom\" bgcolor=\"#F2F2F2\"><b><span style=\"color: #000000; font-family: Verdana;\">JUF Jordbrukets Ungdomsf\u00f6rbund<\/span><\/b><\/td>\n<td align=\"left\" valign=\"bottom\"><b><span style=\"font-family: Verdana;\">&nbsp;<\/span><\/b><\/td>\n<td align=\"left\" valign=\"bottom\"><b><span style=\"font-family: Verdana;\">&nbsp;<\/span><\/b><\/td>\n<\/tr>\n<tr>\n<td align=\"right\" valign=\"bottom\" bgcolor=\"#F2F2F2\" height=\"33\"><b><span style=\"font-family: Verdana;\">SWITZERLAND<\/span><\/b><\/td>\n<td align=\"right\" valign=\"bottom\" bgcolor=\"#F2F2F2\"><b><span style=\"color: #000000; font-family: Verdana;\">Schweizerische Pfl\u00fcger-Vereinigung<\/span><\/b><\/td>\n<td align=\"left\" valign=\"bottom\"><b><span style=\"font-family: Verdana;\">Marco <\/span><\/b><\/td>\n<td align=\"left\" valign=\"bottom\"><b><span style=\"font-family: Verdana;\">Angst<\/span><\/b><\/td>\n<\/tr>\n<tr>\n<td align=\"right\" valign=\"bottom\" bgcolor=\"#F2F2F2\" height=\"33\"><b><span style=\"font-family: Verdana;\">SWITZERLAND<\/span><\/b><\/td>\n<td align=\"right\" valign=\"bottom\" bgcolor=\"#F2F2F2\"><b><span style=\"color: #000000; font-family: Verdana;\">Schweizerische Pfl\u00fcger-Vereinigung<\/span><\/b><\/td>\n<td align=\"left\" valign=\"bottom\"><b><span style=\"font-family: Verdana;\">Peter<\/span><\/b><\/td>\n<td align=\"left\" valign=\"bottom\"><b><span style=\"font-family: Verdana;\">Ulrich<\/span><\/b><\/td>\n<\/tr>\n<tr>\n<td align=\"right\" valign=\"bottom\" bgcolor=\"#F2F2F2\" height=\"33\"><b><span style=\"font-family: Verdana;\">USA<\/span><\/b><\/td>\n<td align=\"right\" valign=\"bottom\" bgcolor=\"#F2F2F2\"><b><span style=\"color: #000000; font-family: Verdana;\">USA Plowing Organization (INC)<\/span><\/b><\/td>\n<td align=\"left\" valign=\"bottom\"><b><span style=\"font-family: Verdana;\">Dale<\/span><\/b><\/td>\n<td align=\"left\" valign=\"bottom\"><b><span style=\"font-family: Verdana;\">Dircksen<\/span><\/b><\/td>\n<\/tr>\n<tr>\n<td align=\"right\" valign=\"bottom\" bgcolor=\"#F2F2F2\" height=\"33\"><b><span style=\"font-family: Verdana;\">WALES<\/span><\/b><\/td>\n<td align=\"right\" valign=\"bottom\" bgcolor=\"#F2F2F2\"><b><span style=\"font-family: Verdana;\">Cymdeithas Aredig Cymru<\/span><\/b><\/td>\n<td align=\"left\" valign=\"bottom\"><b><span style=\"font-family: Verdana;\">Hugh<\/span><\/b><\/td>\n<td align=\"left\" valign=\"bottom\"><b><span style=\"font-family: Verdana;\">Griffith<\/span><\/b><\/td>\n<\/tr>\n<\/tbody>\n<\/table>\n","protected":false},"excerpt":{"rendered":"<p>REVERSIBLE WPO AFFILIATE ORGANIZATION NAME Surname AUSTRALIA National Ploughing Association of Australia Inc Brett Loughridge AUSTRIA \u00d6sterreichische Arbeitsgemeinschaft f\u00fcr Landjugendfragen Andreas Gst\u00f6ttenmayr BELGIUM Belgisch Ploeg Comite Tor Broeckx CANADA Canadian Plowing Organization Thomas Evans CROATIA Hrvatska udruga za organizaciju natjecanja&#8230; <a class=\"more-link\" href=\"https:\/\/worldploughing.org\/?page_id=5631\">Continue Reading &rarr;<\/a><\/p>\n","protected":false},"author":1,"featured_media":0,"parent":5627,"menu_order":0,"comment_status":"closed","ping_status":"closed","template":"template-full.php","meta":{"ngg_post_thumbnail":0,"footnotes":"","_links_to":"","_links_to_target":""},"class_list":["post-5631","page","type-page","status-publish","hentry"],"_links":{"self":[{"href":"https:\/\/worldploughing.org\/index.php?rest_route=\/wp\/v2\/pages\/5631","targetHints":{"allow":["GET"]}}],"collection":[{"href":"https:\/\/worldploughing.org\/index.php?rest_route=\/wp\/v2\/pages"}],"about":[{"href":"https:\/\/worldploughing.org\/index.php?rest_route=\/wp\/v2\/types\/page"}],"author":[{"embeddable":true,"href":"https:\/\/worldploughing.org\/index.php?rest_route=\/wp\/v2\/users\/1"}],"replies":[{"embeddable":true,"href":"https:\/\/worldploughing.org\/index.php?rest_route=%2Fwp%2Fv2%2Fcomments&post=5631"}],"version-history":[{"count":5,"href":"https:\/\/worldploughing.org\/index.php?rest_route=\/wp\/v2\/pages\/5631\/revisions"}],"predecessor-version":[{"id":5664,"href":"https:\/\/worldploughing.org\/index.php?rest_route=\/wp\/v2\/pages\/5631\/revisions\/5664"}],"up":[{"embeddable":true,"href":"https:\/\/worldploughing.org\/index.php?rest_route=\/wp\/v2\/pages\/5627"}],"wp:attachment":[{"href":"https:\/\/worldploughing.org\/index.php?rest_route=%2Fwp%2Fv2%2Fmedia&parent=5631"}],"curies":[{"name":"wp","href":"https:\/\/api.w.org\/{rel}","templated":true}]}}