{"id":5645,"date":"2019-06-12T13:56:00","date_gmt":"2019-06-12T12:56:00","guid":{"rendered":"http:\/\/worldploughing.org\/?page_id=5645"},"modified":"2019-06-12T13:56:00","modified_gmt":"2019-06-12T12:56:00","slug":"judges","status":"publish","type":"page","link":"https:\/\/worldploughing.org\/?page_id=5645","title":{"rendered":"Judges"},"content":{"rendered":"<table width=\"397\">\n<tbody>\n<tr>\n<td width=\"158\"><strong>JUDGE 2019<\/strong><\/td>\n<td width=\"95\"><strong>NAME<\/strong><\/td>\n<td width=\"144\"><strong>SURNAME<\/strong><\/td>\n<\/tr>\n<tr>\n<td>AUSTRALIA<\/td>\n<td>Pryde<\/td>\n<td>Inglis<\/td>\n<\/tr>\n<tr>\n<td>AUSTRIA<\/td>\n<td>Georg<\/td>\n<td>Menitz<\/td>\n<\/tr>\n<tr>\n<td>BELGIUM<\/td>\n<td>Francis<\/td>\n<td>Echelpoels<\/td>\n<\/tr>\n<tr>\n<td>CANADA<\/td>\n<td>Don<\/td>\n<td>Brodhaecker<\/td>\n<\/tr>\n<tr>\n<td>CROATIA<\/td>\n<td>Sini\u0161a<\/td>\n<td>Hrgovi\u0107<\/td>\n<\/tr>\n<tr>\n<td>CZECH REPUBLIC<\/td>\n<td>Josef<\/td>\n<td>Cink<\/td>\n<\/tr>\n<tr>\n<td>DENMARK<\/td>\n<td>Ove<\/td>\n<td>Geds\u00f8<\/td>\n<\/tr>\n<tr>\n<td>ENGLAND<\/td>\n<td>Vivian<\/td>\n<td>Samuel<\/td>\n<\/tr>\n<tr>\n<td>ESTONIA<\/td>\n<td>Taavi<\/td>\n<td>V\u00f5sa<\/td>\n<\/tr>\n<tr>\n<td>FRANCE<\/td>\n<td>Paul<\/td>\n<td>Guyonneau<\/td>\n<\/tr>\n<tr>\n<td>GERMANY<\/td>\n<td>Andreas<\/td>\n<td>Deisting<\/td>\n<\/tr>\n<tr>\n<td>KENYA<\/td>\n<td>&nbsp;<\/td>\n<td>&nbsp;<\/td>\n<\/tr>\n<tr>\n<td>KOSOVO<\/td>\n<td>Alban<\/td>\n<td>Rama<\/td>\n<\/tr>\n<tr>\n<td>LATVIA<\/td>\n<td>David&nbsp;<\/td>\n<td>Wright<\/td>\n<\/tr>\n<tr>\n<td>LITHUANIA<\/td>\n<td>Darija<\/td>\n<td>Jodaugiene<\/td>\n<\/tr>\n<tr>\n<td>MACEDONIA<\/td>\n<td>Zoran<\/td>\n<td>Sokolovski<\/td>\n<\/tr>\n<tr>\n<td>NETHERLANDS<\/td>\n<td>Bert<\/td>\n<td>Bresser<\/td>\n<\/tr>\n<tr>\n<td>NEW ZEALAND<\/td>\n<td>Alan&nbsp;<\/td>\n<td>Wills<\/td>\n<\/tr>\n<tr>\n<td>NORTHERN IRELAND<\/td>\n<td>David&nbsp;<\/td>\n<td>Gill<\/td>\n<\/tr>\n<tr>\n<td>NORWAY<\/td>\n<td>Ole<\/td>\n<td>Johan Oserud<\/td>\n<\/tr>\n<tr>\n<td>REPUBLIC OF IRELAND<\/td>\n<td>DJ<\/td>\n<td>McHugh<\/td>\n<\/tr>\n<tr>\n<td>RUSSIA<\/td>\n<td>Anna<\/td>\n<td>Vorontsova<\/td>\n<\/tr>\n<tr>\n<td>SCOTLAND<\/td>\n<td>Alistair<\/td>\n<td>Brown<\/td>\n<\/tr>\n<tr>\n<td>SLOVENIA<\/td>\n<td>Igor<\/td>\n<td>Hrovati\u010d<\/td>\n<\/tr>\n<tr>\n<td>SWEDEN<\/td>\n<td>Bengt<\/td>\n<td>Andersson<\/td>\n<\/tr>\n<tr>\n<td>SWITZERLAND<\/td>\n<td>Christian<\/td>\n<td>Rubin<\/td>\n<\/tr>\n<tr>\n<td>USA<\/td>\n<td>Roger<\/td>\n<td>Neate<\/td>\n<\/tr>\n<tr>\n<td>WALES<\/td>\n<td>Aled<\/td>\n<td>Morgan<\/td>\n<\/tr>\n<\/tbody>\n<\/table>\n","protected":false},"excerpt":{"rendered":"<p>JUDGE 2019 NAME SURNAME AUSTRALIA Pryde Inglis AUSTRIA Georg Menitz BELGIUM Francis Echelpoels CANADA Don Brodhaecker CROATIA Sini\u0161a Hrgovi\u0107 CZECH REPUBLIC Josef Cink DENMARK Ove Geds\u00f8 ENGLAND Vivian Samuel ESTONIA Taavi V\u00f5sa FRANCE Paul Guyonneau GERMANY Andreas Deisting KENYA &nbsp;&#8230; <a class=\"more-link\" href=\"https:\/\/worldploughing.org\/?page_id=5645\">Continue Reading &rarr;<\/a><\/p>\n","protected":false},"author":1,"featured_media":0,"parent":5627,"menu_order":0,"comment_status":"closed","ping_status":"closed","template":"","meta":{"ngg_post_thumbnail":0,"footnotes":"","_links_to":"","_links_to_target":""},"class_list":["post-5645","page","type-page","status-publish","hentry"],"_links":{"self":[{"href":"https:\/\/worldploughing.org\/index.php?rest_route=\/wp\/v2\/pages\/5645","targetHints":{"allow":["GET"]}}],"collection":[{"href":"https:\/\/worldploughing.org\/index.php?rest_route=\/wp\/v2\/pages"}],"about":[{"href":"https:\/\/worldploughing.org\/index.php?rest_route=\/wp\/v2\/types\/page"}],"author":[{"embeddable":true,"href":"https:\/\/worldploughing.org\/index.php?rest_route=\/wp\/v2\/users\/1"}],"replies":[{"embeddable":true,"href":"https:\/\/worldploughing.org\/index.php?rest_route=%2Fwp%2Fv2%2Fcomments&post=5645"}],"version-history":[{"count":2,"href":"https:\/\/worldploughing.org\/index.php?rest_route=\/wp\/v2\/pages\/5645\/revisions"}],"predecessor-version":[{"id":5647,"href":"https:\/\/worldploughing.org\/index.php?rest_route=\/wp\/v2\/pages\/5645\/revisions\/5647"}],"up":[{"embeddable":true,"href":"https:\/\/worldploughing.org\/index.php?rest_route=\/wp\/v2\/pages\/5627"}],"wp:attachment":[{"href":"https:\/\/worldploughing.org\/index.php?rest_route=%2Fwp%2Fv2%2Fmedia&parent=5645"}],"curies":[{"name":"wp","href":"https:\/\/api.w.org\/{rel}","templated":true}]}}