{"id":6555,"date":"2022-09-04T22:21:33","date_gmt":"2022-09-04T21:21:33","guid":{"rendered":"https:\/\/worldploughing.org\/?page_id=6555"},"modified":"2026-03-23T22:44:52","modified_gmt":"2026-03-23T22:44:52","slug":"board-members-3","status":"publish","type":"page","link":"https:\/\/worldploughing.org\/?page_id=6555","title":{"rendered":"Board Members"},"content":{"rendered":"<h3 data-start=\"171\" data-end=\"184\">Membership \u2013 W.P.O. Governing Board<\/h3>\n<h3 data-start=\"171\" data-end=\"184\">AUSTRALIA<\/h3>\n<ul data-start=\"185\" data-end=\"313\">\n<li data-start=\"185\" data-end=\"224\">\n<p data-start=\"187\" data-end=\"224\">Alfred Silvester Garoni (1964\u20131986)<\/p>\n<\/li>\n<li data-start=\"225\" data-end=\"252\">\n<p data-start=\"227\" data-end=\"252\">David Chugg (1986\u20131997)<\/p>\n<\/li>\n<li data-start=\"253\" data-end=\"281\">\n<p data-start=\"255\" data-end=\"281\">Rhonda Smith (1998\u20132013)<\/p>\n<\/li>\n<li data-start=\"282\" data-end=\"313\">\n<p data-start=\"284\" data-end=\"313\">Peter Gladwell (2013\u2013Present)<\/p>\n<\/li>\n<\/ul>\n<h3 data-start=\"315\" data-end=\"326\">AUSTRIA<\/h3>\n<ul data-start=\"327\" data-end=\"583\">\n<li data-start=\"327\" data-end=\"358\">\n<p data-start=\"329\" data-end=\"358\">Ingobert Altman (1959\u20131961)<\/p>\n<\/li>\n<li data-start=\"359\" data-end=\"390\">\n<p data-start=\"361\" data-end=\"390\">Gunter Daghofer (1961\u20131962)<\/p>\n<\/li>\n<li data-start=\"391\" data-end=\"419\">\n<p data-start=\"393\" data-end=\"419\">Franz Geiger (1962\u20131991)<\/p>\n<\/li>\n<li data-start=\"420\" data-end=\"451\">\n<p data-start=\"422\" data-end=\"451\">Bernhard Keiler (1991\u20131998)<\/p>\n<\/li>\n<li data-start=\"452\" data-end=\"482\">\n<p data-start=\"454\" data-end=\"482\">Michael Deimel (1998\u20132009)<\/p>\n<\/li>\n<li data-start=\"483\" data-end=\"515\">\n<p data-start=\"485\" data-end=\"515\">Bernhard Altmann (2009\u20132023)<\/p>\n<\/li>\n<li data-start=\"516\" data-end=\"554\">\n<p data-start=\"518\" data-end=\"554\">Daniela Schildendorfer (2023\u20132024)<\/p>\n<\/li>\n<li data-start=\"555\" data-end=\"583\">\n<p data-start=\"557\" data-end=\"583\">Georg Waltl (2025\u2013Present)<\/p>\n<\/li>\n<\/ul>\n<h3 data-start=\"585\" data-end=\"596\">BELGIUM<\/h3>\n<ul data-start=\"597\" data-end=\"821\">\n<li data-start=\"597\" data-end=\"626\">\n<p data-start=\"599\" data-end=\"626\">Jules E. Cocu (1956\u20131968)<\/p>\n<\/li>\n<li data-start=\"627\" data-end=\"655\">\n<p data-start=\"629\" data-end=\"655\">Joris Merckx (1969\u20131983)<\/p>\n<\/li>\n<li data-start=\"656\" data-end=\"689\">\n<p data-start=\"658\" data-end=\"689\">Ms Lut Wettenburg (1984\u20131988)<\/p>\n<\/li>\n<li data-start=\"690\" data-end=\"722\">\n<p data-start=\"692\" data-end=\"722\">Ms Lut de Bruyne (1989\u20131991)<\/p>\n<\/li>\n<li data-start=\"723\" data-end=\"765\">\n<p data-start=\"725\" data-end=\"765\">Karel van Dijck (1992\u20132001, 2019\u20132023)<\/p>\n<\/li>\n<li data-start=\"766\" data-end=\"794\">\n<p data-start=\"768\" data-end=\"794\">Johan Merckx (2001\u20132018)<\/p>\n<\/li>\n<li data-start=\"795\" data-end=\"821\">\n<p data-start=\"797\" data-end=\"821\">Jo Coenen (2023\u20132026)<\/p>\n<\/li>\n<li data-start=\"795\" data-end=\"821\">Johan Sierens (2026-Present)<\/li>\n<\/ul>\n<h3 data-start=\"823\" data-end=\"833\">CANADA<\/h3>\n<ul data-start=\"834\" data-end=\"1104\">\n<li data-start=\"834\" data-end=\"865\">\n<p data-start=\"836\" data-end=\"865\">John A. Carroll (1952\u20131956)<\/p>\n<\/li>\n<li data-start=\"866\" data-end=\"893\">\n<p data-start=\"868\" data-end=\"893\">J.D. Thomas (1952\u20131957)<\/p>\n<\/li>\n<li data-start=\"894\" data-end=\"924\">\n<p data-start=\"896\" data-end=\"924\">Alex Mc Kinney (1957\u20131973)<\/p>\n<\/li>\n<li data-start=\"925\" data-end=\"957\">\n<p data-start=\"927\" data-end=\"957\">Russell Morrison (1973\u20131977)<\/p>\n<\/li>\n<li data-start=\"958\" data-end=\"991\">\n<p data-start=\"960\" data-end=\"991\">Raynmall MacNeill (1977\u20131982)<\/p>\n<\/li>\n<li data-start=\"992\" data-end=\"1022\">\n<p data-start=\"994\" data-end=\"1022\">Robert Timbers (1982\u20132000)<\/p>\n<\/li>\n<li data-start=\"1023\" data-end=\"1051\">\n<p data-start=\"1025\" data-end=\"1051\">Robert Brown (2001\u20132011)<\/p>\n<\/li>\n<li data-start=\"1052\" data-end=\"1077\">\n<p data-start=\"1054\" data-end=\"1077\">Jim Sache (2012\u20132022)<\/p>\n<\/li>\n<li data-start=\"1078\" data-end=\"1104\">\n<p data-start=\"1080\" data-end=\"1104\">Tom Ryall (2022\u2013Present)<\/p>\n<\/li>\n<\/ul>\n<h3 data-start=\"1106\" data-end=\"1124\">CZECH REPUBLIC<\/h3>\n<ul data-start=\"1125\" data-end=\"1298\">\n<li data-start=\"1125\" data-end=\"1152\">\n<p data-start=\"1127\" data-end=\"1152\">Dusan Hutla (1965\u20131975)<\/p>\n<\/li>\n<li data-start=\"1153\" data-end=\"1179\">\n<p data-start=\"1155\" data-end=\"1179\">Jiri Donth (1975\u20131993)<\/p>\n<\/li>\n<li data-start=\"1180\" data-end=\"1208\">\n<p data-start=\"1182\" data-end=\"1208\">Zden\u011bk R\u016f\u017eek (1993\u20132005)<\/p>\n<\/li>\n<li data-start=\"1209\" data-end=\"1240\">\n<p data-start=\"1211\" data-end=\"1240\">Martin Sedl\u00e1c\u00e8k (2006\u20132010)<\/p>\n<\/li>\n<li data-start=\"1241\" data-end=\"1270\">\n<p data-start=\"1243\" data-end=\"1270\">Jan Cholensky (2011\u20132024)<\/p>\n<\/li>\n<li data-start=\"1271\" data-end=\"1298\">\n<p data-start=\"1273\" data-end=\"1298\">Jiri Masek (2024\u2013Present)<\/p>\n<\/li>\n<\/ul>\n<h3 data-start=\"1300\" data-end=\"1311\">CROATIA<\/h3>\n<ul data-start=\"1312\" data-end=\"1371\">\n<li data-start=\"1312\" data-end=\"1342\">\n<p data-start=\"1314\" data-end=\"1342\">Tugomir Majdak (2005\u20132016)<\/p>\n<\/li>\n<li data-start=\"1343\" data-end=\"1371\">\n<p data-start=\"1345\" data-end=\"1371\">Ivica Prpic (2017\u2013Present)<\/p>\n<\/li>\n<\/ul>\n<h3 data-start=\"1373\" data-end=\"1384\">DENMARK<\/h3>\n<ul data-start=\"1385\" data-end=\"1602\">\n<li data-start=\"1385\" data-end=\"1420\">\n<p data-start=\"1387\" data-end=\"1420\">Paul Bildsoe Hansen (1953\u20131959)<\/p>\n<\/li>\n<li data-start=\"1421\" data-end=\"1449\">\n<p data-start=\"1423\" data-end=\"1449\">Eigil Hansen (1959\u20131962)<\/p>\n<\/li>\n<li data-start=\"1450\" data-end=\"1479\">\n<p data-start=\"1452\" data-end=\"1479\">Daniel Jepsen (1962\u20131967)<\/p>\n<\/li>\n<li data-start=\"1480\" data-end=\"1511\">\n<p data-start=\"1482\" data-end=\"1511\">Kristen Haltrup (1967\u20131973)<\/p>\n<\/li>\n<li data-start=\"1512\" data-end=\"1539\">\n<p data-start=\"1514\" data-end=\"1539\">Carl Alles\u00f8 (1974\u20131993)<\/p>\n<\/li>\n<li data-start=\"1540\" data-end=\"1569\">\n<p data-start=\"1542\" data-end=\"1569\">Bjarne Larsen (1994\u20132001)<\/p>\n<\/li>\n<li data-start=\"1570\" data-end=\"1602\">\n<p data-start=\"1572\" data-end=\"1602\">Lars Gammelvind (2002\u2013Present)<\/p>\n<\/li>\n<\/ul>\n<h3 data-start=\"1604\" data-end=\"1615\">ENGLAND<\/h3>\n<ul data-start=\"1616\" data-end=\"1796\">\n<li data-start=\"1616\" data-end=\"1643\">\n<p data-start=\"1618\" data-end=\"1643\">Alfred Hall (1952\u20131953)<\/p>\n<\/li>\n<li data-start=\"1644\" data-end=\"1677\">\n<p data-start=\"1646\" data-end=\"1677\">Stanley G. Powell (1954\u20131957)<\/p>\n<\/li>\n<li data-start=\"1678\" data-end=\"1707\">\n<p data-start=\"1680\" data-end=\"1707\">Will T. Baker (1958\u20131973)<\/p>\n<\/li>\n<li data-start=\"1708\" data-end=\"1740\">\n<p data-start=\"1710\" data-end=\"1740\">Hubert H. Robson (1973\u20131984)<\/p>\n<\/li>\n<li data-start=\"1741\" data-end=\"1769\">\n<p data-start=\"1743\" data-end=\"1769\">Ken Chappell (1984\u20132016)<\/p>\n<\/li>\n<li data-start=\"1770\" data-end=\"1796\">\n<p data-start=\"1772\" data-end=\"1796\">John Hill (2017\u2013Present)<\/p>\n<\/li>\n<\/ul>\n<h3 data-start=\"1798\" data-end=\"1809\">ESTONIA<\/h3>\n<ul data-start=\"1810\" data-end=\"1901\">\n<li data-start=\"1810\" data-end=\"1839\">\n<p data-start=\"1812\" data-end=\"1839\">Ants Laansalu (1989\u20132008)<\/p>\n<\/li>\n<li data-start=\"1840\" data-end=\"1867\">\n<p data-start=\"1842\" data-end=\"1867\">Arvi Tammel (2009\u20132011)<\/p>\n<\/li>\n<li data-start=\"1868\" data-end=\"1901\">\n<p data-start=\"1870\" data-end=\"1901\">Margus Ameerikas (2012\u2013Present)<\/p>\n<\/li>\n<\/ul>\n<h3 data-start=\"1903\" data-end=\"1914\">FINLAND<\/h3>\n<ul data-start=\"1915\" data-end=\"2260\">\n<li data-start=\"1915\" data-end=\"1948\">\n<p data-start=\"1917\" data-end=\"1948\">Viano K. Neuvenon (1952\u20131959)<\/p>\n<\/li>\n<li data-start=\"1949\" data-end=\"1980\">\n<p data-start=\"1951\" data-end=\"1980\">A. Heimo Ketola (1959\u20131964)<\/p>\n<\/li>\n<li data-start=\"1981\" data-end=\"2016\">\n<p data-start=\"1983\" data-end=\"2016\">Walter Breitenstein (1964\u20131975)<\/p>\n<\/li>\n<li data-start=\"2017\" data-end=\"2047\">\n<p data-start=\"2019\" data-end=\"2047\">Seppo Kartunen (1975\u20131976)<\/p>\n<\/li>\n<li data-start=\"2048\" data-end=\"2083\">\n<p data-start=\"2050\" data-end=\"2083\">Pentti V. Lindsberg (1976\u20131981)<\/p>\n<\/li>\n<li data-start=\"2084\" data-end=\"2115\">\n<p data-start=\"2086\" data-end=\"2115\">Mikko Lisakkila (1981\u20131984)<\/p>\n<\/li>\n<li data-start=\"2116\" data-end=\"2144\">\n<p data-start=\"2118\" data-end=\"2144\">Lipo Mattila (1984\u20131985)<\/p>\n<\/li>\n<li data-start=\"2145\" data-end=\"2171\">\n<p data-start=\"2147\" data-end=\"2171\">Mats Ohman (1986\u20132003)<\/p>\n<\/li>\n<li data-start=\"2172\" data-end=\"2202\">\n<p data-start=\"2174\" data-end=\"2202\">Juhani Kivist\u00f6 (2004\u20132014)<\/p>\n<\/li>\n<li data-start=\"2203\" data-end=\"2229\">\n<p data-start=\"2205\" data-end=\"2229\">Ismo Nakki (2014\u20132024)<\/p>\n<\/li>\n<li data-start=\"2230\" data-end=\"2260\">\n<p data-start=\"2232\" data-end=\"2260\">Hannu Alander (2024\u2013Present)<\/p>\n<\/li>\n<\/ul>\n<h3 data-start=\"2262\" data-end=\"2272\">FRANCE<\/h3>\n<ul data-start=\"2273\" data-end=\"2457\">\n<li data-start=\"2273\" data-end=\"2302\">\n<p data-start=\"2275\" data-end=\"2302\">Robert Perron (1957\u20131962)<\/p>\n<\/li>\n<li data-start=\"2303\" data-end=\"2333\">\n<p data-start=\"2305\" data-end=\"2333\">Pierre Monnier (1962\u20131968)<\/p>\n<\/li>\n<li data-start=\"2334\" data-end=\"2361\">\n<p data-start=\"2336\" data-end=\"2361\">Alfred Bohr (1984\u20132008)<\/p>\n<\/li>\n<li data-start=\"2362\" data-end=\"2397\">\n<p data-start=\"2364\" data-end=\"2397\">Jean Francois Morin (2008\u20132014)<\/p>\n<\/li>\n<li data-start=\"2398\" data-end=\"2428\">\n<p data-start=\"2400\" data-end=\"2428\">Bernard Lavire (2014\u20132019)<\/p>\n<\/li>\n<li data-start=\"2429\" data-end=\"2457\">\n<p data-start=\"2431\" data-end=\"2457\">Freddy Bohr (2020\u2013Present)<\/p>\n<\/li>\n<\/ul>\n<h3 data-start=\"2459\" data-end=\"2470\">GERMANY<\/h3>\n<ul data-start=\"2471\" data-end=\"2654\">\n<li data-start=\"2471\" data-end=\"2503\">\n<p data-start=\"2473\" data-end=\"2503\">Walter Feuerlein (1952\u20131974)<\/p>\n<\/li>\n<li data-start=\"2504\" data-end=\"2538\">\n<p data-start=\"2506\" data-end=\"2538\">Karl-Heinz Gebbers (1959\u20131968)<\/p>\n<\/li>\n<li data-start=\"2539\" data-end=\"2567\">\n<p data-start=\"2541\" data-end=\"2567\">Karl Kemmner (1975\u20131984)<\/p>\n<\/li>\n<li data-start=\"2568\" data-end=\"2596\">\n<p data-start=\"2570\" data-end=\"2596\">Walter Lange (1984\u20132002)<\/p>\n<\/li>\n<li data-start=\"2597\" data-end=\"2625\">\n<p data-start=\"2599\" data-end=\"2625\">Gebhard Betz (2002\u20132016)<\/p>\n<\/li>\n<li data-start=\"2626\" data-end=\"2654\">\n<p data-start=\"2628\" data-end=\"2654\">Artur J\u00e4kle (2016\u2013Present)<\/p>\n<\/li>\n<\/ul>\n<h3 data-start=\"221\" data-end=\"230\">Kenya<\/h3>\n<ul data-start=\"231\" data-end=\"495\">\n<li data-start=\"231\" data-end=\"261\">\n<p data-start=\"233\" data-end=\"261\">John R. Harris (1973\u20131981)<\/p>\n<\/li>\n<li data-start=\"262\" data-end=\"294\">\n<p data-start=\"264\" data-end=\"294\">Geoffrey Kunyiha (1982\u20131983)<\/p>\n<\/li>\n<li data-start=\"295\" data-end=\"324\">\n<p data-start=\"297\" data-end=\"324\">Walter Kilele (1984\u20131995)<\/p>\n<\/li>\n<li data-start=\"325\" data-end=\"364\">\n<p data-start=\"327\" data-end=\"364\">Stephen K. K. Toroitich (1996\u20132000)<\/p>\n<\/li>\n<li data-start=\"365\" data-end=\"404\">\n<p data-start=\"367\" data-end=\"404\">Stephen K. K. Toroitich (2005\u20132007)<\/p>\n<\/li>\n<li data-start=\"405\" data-end=\"433\">\n<p data-start=\"407\" data-end=\"433\">John Nyakiba (2008\u20132011)<\/p>\n<\/li>\n<li data-start=\"434\" data-end=\"462\">\n<p data-start=\"436\" data-end=\"462\">Paul Njuguna (2011\u20132015)<\/p>\n<\/li>\n<li data-start=\"463\" data-end=\"495\">\n<p data-start=\"465\" data-end=\"495\">Richard Aiyabei (2015\u2013present)<\/p>\n<\/li>\n<\/ul>\n<h3 data-start=\"497\" data-end=\"507\">Kosovo<\/h3>\n<ul data-start=\"508\" data-end=\"536\">\n<li data-start=\"508\" data-end=\"536\">\n<p data-start=\"510\" data-end=\"536\">Bekim Hoxha (2012\u2013present)<\/p>\n<\/li>\n<\/ul>\n<h3 data-start=\"538\" data-end=\"548\">Latvia<\/h3>\n<ul data-start=\"549\" data-end=\"652\">\n<li data-start=\"549\" data-end=\"581\">\n<p data-start=\"551\" data-end=\"581\">Aldis Zaikovskis (1989\u20132000)<\/p>\n<\/li>\n<li data-start=\"582\" data-end=\"616\">\n<p data-start=\"584\" data-end=\"616\">Aigars Laurinovics (2000\u20132007)<\/p>\n<\/li>\n<li data-start=\"617\" data-end=\"652\">\n<p data-start=\"619\" data-end=\"652\">Aigars Laurinovics (2018\u2013present)<\/p>\n<\/li>\n<\/ul>\n<h3 data-start=\"654\" data-end=\"667\">Lithuania<\/h3>\n<ul data-start=\"668\" data-end=\"730\">\n<li data-start=\"668\" data-end=\"699\">\n<p data-start=\"670\" data-end=\"699\">Virginius Feiza (1999\u20132007)<\/p>\n<\/li>\n<li data-start=\"700\" data-end=\"730\">\n<p data-start=\"702\" data-end=\"730\">Vaclovas Boguzas (2007\u20132022)<\/p>\n<\/li>\n<\/ul>\n<h3 data-start=\"732\" data-end=\"745\">Macedonia<\/h3>\n<ul data-start=\"746\" data-end=\"771\">\n<li data-start=\"746\" data-end=\"771\">\n<p data-start=\"748\" data-end=\"771\">Pero Mitrev (2009\u20132021)<\/p>\n<\/li>\n<\/ul>\n<h3 data-start=\"773\" data-end=\"788\">Netherlands<\/h3>\n<ul data-start=\"789\" data-end=\"958\">\n<li data-start=\"789\" data-end=\"822\">\n<p data-start=\"791\" data-end=\"822\">Arie C. Stehouwer (1952\u20131991)<\/p>\n<\/li>\n<li data-start=\"823\" data-end=\"851\">\n<p data-start=\"825\" data-end=\"851\">Hans Spieker (1991\u20131999)<\/p>\n<\/li>\n<li data-start=\"852\" data-end=\"892\">\n<p data-start=\"854\" data-end=\"892\">Willemien Spieker-Looman (2000\u20132014)<\/p>\n<\/li>\n<li data-start=\"893\" data-end=\"924\">\n<p data-start=\"895\" data-end=\"924\">Remmelt Panmann (2014\u20132023)<\/p>\n<\/li>\n<li data-start=\"925\" data-end=\"958\">\n<p data-start=\"927\" data-end=\"958\">Ingeborg Spieker (2023\u2013present)<\/p>\n<\/li>\n<\/ul>\n<h3 data-start=\"960\" data-end=\"975\">New Zealand<\/h3>\n<ul data-start=\"976\" data-end=\"1126\">\n<li data-start=\"976\" data-end=\"1007\">\n<p data-start=\"978\" data-end=\"1007\">George M. Scott (1961\u20131966)<\/p>\n<\/li>\n<li data-start=\"1008\" data-end=\"1043\">\n<p data-start=\"1010\" data-end=\"1043\">Evan A. E. Fairhall (1966\u20131975)<\/p>\n<\/li>\n<li data-start=\"1044\" data-end=\"1069\">\n<p data-start=\"1046\" data-end=\"1069\">Ian Blair (1976\u20132006)<\/p>\n<\/li>\n<li data-start=\"1070\" data-end=\"1098\">\n<p data-start=\"1072\" data-end=\"1098\">Colin Millar (2006\u20132024)<\/p>\n<\/li>\n<li data-start=\"1099\" data-end=\"1126\">\n<p data-start=\"1101\" data-end=\"1126\">Ian Wooley (2025\u2013present)<\/p>\n<\/li>\n<\/ul>\n<h3 data-start=\"1128\" data-end=\"1148\">Northern Ireland<\/h3>\n<ul data-start=\"1149\" data-end=\"1336\">\n<li data-start=\"1149\" data-end=\"1179\">\n<p data-start=\"1151\" data-end=\"1179\">Thomas C. Reid (1956\u20131977)<\/p>\n<\/li>\n<li data-start=\"1180\" data-end=\"1213\">\n<p data-start=\"1182\" data-end=\"1213\">Lawrence McMillan (1977\u20131997)<\/p>\n<\/li>\n<li data-start=\"1214\" data-end=\"1246\">\n<p data-start=\"1216\" data-end=\"1246\">James McGladdery (1997\u20132002)<\/p>\n<\/li>\n<li data-start=\"1247\" data-end=\"1275\">\n<p data-start=\"1249\" data-end=\"1275\">William Hood (2002\u20132014)<\/p>\n<\/li>\n<li data-start=\"1276\" data-end=\"1304\">\n<p data-start=\"1278\" data-end=\"1304\">Richard Gill (2014\u20132018)<\/p>\n<\/li>\n<li data-start=\"1305\" data-end=\"1336\">\n<p data-start=\"1307\" data-end=\"1336\">Adrian Jamison (2019\u2013present)<\/p>\n<\/li>\n<\/ul>\n<h3 data-start=\"1338\" data-end=\"1348\">Norway<\/h3>\n<ul data-start=\"1349\" data-end=\"1543\">\n<li data-start=\"1349\" data-end=\"1374\">\n<p data-start=\"1351\" data-end=\"1374\">Tore Wiig (1953\u20131956)<\/p>\n<\/li>\n<li data-start=\"1375\" data-end=\"1404\">\n<p data-start=\"1377\" data-end=\"1404\">Ole Brandsrud (1957\u20131958)<\/p>\n<\/li>\n<li data-start=\"1405\" data-end=\"1431\">\n<p data-start=\"1407\" data-end=\"1431\">Einar Wold (1958\u20131968)<\/p>\n<\/li>\n<li data-start=\"1432\" data-end=\"1458\">\n<p data-start=\"1434\" data-end=\"1458\">Arnor Njos (1970\u20131972)<\/p>\n<\/li>\n<li data-start=\"1459\" data-end=\"1485\">\n<p data-start=\"1461\" data-end=\"1485\">Vidar H\u00f8me (1973\u20131978)<\/p>\n<\/li>\n<li data-start=\"1486\" data-end=\"1511\">\n<p data-start=\"1488\" data-end=\"1511\">Einar Moe (1979\u20131997)<\/p>\n<\/li>\n<li data-start=\"1512\" data-end=\"1543\">\n<p data-start=\"1514\" data-end=\"1543\">Rasmus Mj\u00f8lhus (1997\u2013present)<\/p>\n<\/li>\n<\/ul>\n<h3 data-start=\"1545\" data-end=\"1568\">Republic of Ireland<\/h3>\n<ul data-start=\"1569\" data-end=\"1725\">\n<li data-start=\"1569\" data-end=\"1597\">\n<p data-start=\"1571\" data-end=\"1597\">J. J. Bergin (1952\u20131954)<\/p>\n<\/li>\n<li data-start=\"1598\" data-end=\"1628\">\n<p data-start=\"1600\" data-end=\"1628\">Se\u00e1n O\u2019Farrell (1961\u20131972)<\/p>\n<\/li>\n<li data-start=\"1629\" data-end=\"1661\">\n<p data-start=\"1631\" data-end=\"1661\">Michael Connolly (1973\u20131982)<\/p>\n<\/li>\n<li data-start=\"1662\" data-end=\"1692\">\n<p data-start=\"1664\" data-end=\"1692\">David O\u2019Connor (1983\u20131988)<\/p>\n<\/li>\n<li data-start=\"1693\" data-end=\"1725\">\n<p data-start=\"1695\" data-end=\"1725\">Anna May McHugh (1988\u2013present)<\/p>\n<\/li>\n<\/ul>\n<h3 data-start=\"1727\" data-end=\"1739\">Scotland<\/h3>\n<ul data-start=\"1740\" data-end=\"1958\">\n<li data-start=\"1740\" data-end=\"1776\">\n<p data-start=\"1742\" data-end=\"1776\">Alec G. B. Greenhill (1991\u20131999)<\/p>\n<\/li>\n<li data-start=\"1777\" data-end=\"1808\">\n<p data-start=\"1779\" data-end=\"1808\">Robert Anderson (2000\u20132004)<\/p>\n<\/li>\n<li data-start=\"1809\" data-end=\"1837\">\n<p data-start=\"1811\" data-end=\"1837\">James Walker (2004\u20132006)<\/p>\n<\/li>\n<li data-start=\"1838\" data-end=\"1868\">\n<p data-start=\"1840\" data-end=\"1868\">William Gordon (2006\u20132015)<\/p>\n<\/li>\n<li data-start=\"1869\" data-end=\"1896\">\n<p data-start=\"1871\" data-end=\"1896\">Rab Birrell (2015\u20132019)<\/p>\n<\/li>\n<li data-start=\"1897\" data-end=\"1927\">\n<p data-start=\"1899\" data-end=\"1927\">Joyce Mitchell (2019\u20132023)<\/p>\n<\/li>\n<li data-start=\"1928\" data-end=\"1958\">\n<p data-start=\"1930\" data-end=\"1958\">Derek MacIver (2023\u2013present)<\/p>\n<\/li>\n<\/ul>\n<h3 data-start=\"1960\" data-end=\"1972\">Slovenia<\/h3>\n<ul data-start=\"1973\" data-end=\"2033\">\n<li data-start=\"1973\" data-end=\"2000\">\n<p data-start=\"1975\" data-end=\"2000\">Alojz Av\u0161i\u010d (1991\u20132005)<\/p>\n<\/li>\n<li data-start=\"2001\" data-end=\"2033\">\n<p data-start=\"2003\" data-end=\"2033\">Marjan Kardinar (2005\u2013present)<\/p>\n<\/li>\n<\/ul>\n<h3 data-start=\"2035\" data-end=\"2044\">Spain<\/h3>\n<ul data-start=\"2045\" data-end=\"2249\">\n<li data-start=\"2045\" data-end=\"2078\">\n<p data-start=\"2047\" data-end=\"2078\">\u00c1ngel Miguel D\u00edez (1973\u20131980)<\/p>\n<\/li>\n<li data-start=\"2079\" data-end=\"2116\">\n<p data-start=\"2081\" data-end=\"2116\">Arturo Arenillas As\u00edn (1981\u20131999)<\/p>\n<\/li>\n<li data-start=\"2117\" data-end=\"2149\">\n<p data-start=\"2119\" data-end=\"2149\">Miguel Cervantes (2000\u20132004)<\/p>\n<\/li>\n<li data-start=\"2150\" data-end=\"2181\">\n<p data-start=\"2152\" data-end=\"2181\">Fernanda Pastor (2004\u20132015)<\/p>\n<\/li>\n<li data-start=\"2182\" data-end=\"2210\">\n<p data-start=\"2184\" data-end=\"2210\">Miguel \u00c1ngel (2015\u20132016)<\/p>\n<\/li>\n<li data-start=\"2211\" data-end=\"2249\">\n<p data-start=\"2213\" data-end=\"2249\">Mireia L\u00f3pez Mart\u00ednez (2025\u2013present)<\/p>\n<\/li>\n<\/ul>\n<h3 data-start=\"2251\" data-end=\"2261\">Sweden<\/h3>\n<ul data-start=\"2262\" data-end=\"2732\">\n<li data-start=\"2262\" data-end=\"2304\">\n<p data-start=\"2264\" data-end=\"2304\">Bengt Stegander \/ Svensson (1952\u20131959)<\/p>\n<\/li>\n<li data-start=\"2305\" data-end=\"2336\">\n<p data-start=\"2307\" data-end=\"2336\">Sven E. Persson (1959\u20131960)<\/p>\n<\/li>\n<li data-start=\"2337\" data-end=\"2369\">\n<p data-start=\"2339\" data-end=\"2369\">Sven E. Pellb\u00e4ck (1960\u20131963)<\/p>\n<\/li>\n<li data-start=\"2370\" data-end=\"2402\">\n<p data-start=\"2372\" data-end=\"2402\">Torbj\u00f6rn Sj\u00f6gren (1963\u20131969)<\/p>\n<\/li>\n<li data-start=\"2403\" data-end=\"2430\">\n<p data-start=\"2405\" data-end=\"2430\">G. Gr\u00f6nevik (1969\u20131970)<\/p>\n<\/li>\n<li data-start=\"2431\" data-end=\"2462\">\n<p data-start=\"2433\" data-end=\"2462\">Pertti Niinist\u00f6 (1970\u20131971)<\/p>\n<\/li>\n<li data-start=\"2463\" data-end=\"2496\">\n<p data-start=\"2465\" data-end=\"2496\">Sigvard Johansson (1972\u20131982)<\/p>\n<\/li>\n<li data-start=\"2497\" data-end=\"2526\">\n<p data-start=\"2499\" data-end=\"2526\">G\u00f6ran Ohlsson (1983\u20131986)<\/p>\n<\/li>\n<li data-start=\"2527\" data-end=\"2560\">\n<p data-start=\"2529\" data-end=\"2560\">Pirjo Rinta-Koski (1986\u20131988)<\/p>\n<\/li>\n<li data-start=\"2561\" data-end=\"2593\">\n<p data-start=\"2563\" data-end=\"2593\">Bengt Martinsson (1988\u20132003)<\/p>\n<\/li>\n<li data-start=\"2594\" data-end=\"2628\">\n<p data-start=\"2596\" data-end=\"2628\">Per Anders Persson (2004\u20132011)<\/p>\n<\/li>\n<li data-start=\"2629\" data-end=\"2663\">\n<p data-start=\"2631\" data-end=\"2663\">Christer Rosenberg (2012\u20132019)<\/p>\n<\/li>\n<li data-start=\"2664\" data-end=\"2698\">\n<p data-start=\"2666\" data-end=\"2698\">Per Anders Persson (2020\u20132021)<\/p>\n<\/li>\n<li data-start=\"2699\" data-end=\"2732\">\n<p data-start=\"2701\" data-end=\"2732\">Bengt Martinsson (2022\u2013present)<\/p>\n<\/li>\n<\/ul>\n<h3 data-start=\"2734\" data-end=\"2749\">Switzerland<\/h3>\n<ul data-start=\"2750\" data-end=\"2851\">\n<li data-start=\"2750\" data-end=\"2781\">\n<p data-start=\"2752\" data-end=\"2781\">Elizabeth Staub (1982\u20131988)<\/p>\n<\/li>\n<li data-start=\"2782\" data-end=\"2812\">\n<p data-start=\"2784\" data-end=\"2812\">Hans Zellweger (1988\u20132002)<\/p>\n<\/li>\n<li data-start=\"2813\" data-end=\"2851\">\n<p data-start=\"2815\" data-end=\"2851\">Willi Zollinger-K\u00f6nig (2002\u2013present)<\/p>\n<\/li>\n<\/ul>\n<h3 data-start=\"2853\" data-end=\"2881\">United States of America<\/h3>\n<ul data-start=\"2882\" data-end=\"3125\">\n<li data-start=\"2882\" data-end=\"2908\">\n<p data-start=\"2884\" data-end=\"2908\">Alf Larsen (1953\u20131957)<\/p>\n<\/li>\n<li data-start=\"2909\" data-end=\"2939\">\n<p data-start=\"2911\" data-end=\"2939\">Earl K. Devore (1957\u20131962)<\/p>\n<\/li>\n<li data-start=\"2940\" data-end=\"2965\">\n<p data-start=\"2942\" data-end=\"2965\">Leo Drake (1962\u20131969)<\/p>\n<\/li>\n<li data-start=\"2966\" data-end=\"2996\">\n<p data-start=\"2968\" data-end=\"2996\">Ned R. Rhoades (1970\u20131974)<\/p>\n<\/li>\n<li data-start=\"2997\" data-end=\"3023\">\n<p data-start=\"2999\" data-end=\"3023\">Glen Brown (1975\u20132000)<\/p>\n<\/li>\n<li data-start=\"3024\" data-end=\"3061\">\n<p data-start=\"3026\" data-end=\"3061\">William Goettemoeller (2001\u20132004)<\/p>\n<\/li>\n<li data-start=\"3062\" data-end=\"3094\">\n<p data-start=\"3064\" data-end=\"3094\">Richard Pedersen (2004\u20132019)<\/p>\n<\/li>\n<li data-start=\"3095\" data-end=\"3125\">\n<p data-start=\"3097\" data-end=\"3125\">Conrad Gruber (2020\u2013present)<\/p>\n<\/li>\n<\/ul>\n<h3 data-start=\"3127\" data-end=\"3136\">Wales<\/h3>\n<ul data-start=\"3137\" data-end=\"3314\">\n<li data-start=\"3137\" data-end=\"3170\">\n<p data-start=\"3139\" data-end=\"3170\">Ellis Lloyd Jones (1991\u20131996)<\/p>\n<\/li>\n<li data-start=\"3171\" data-end=\"3202\">\n<p data-start=\"3173\" data-end=\"3202\">A. Ellis Davies (1996\u20132003)<\/p>\n<\/li>\n<li data-start=\"3203\" data-end=\"3230\">\n<p data-start=\"3205\" data-end=\"3230\">David Jones (2003\u20132011)<\/p>\n<\/li>\n<li data-start=\"3231\" data-end=\"3257\">\n<p data-start=\"3233\" data-end=\"3257\">John Nixon (2012\u20132017)<\/p>\n<\/li>\n<li data-start=\"3258\" data-end=\"3286\">\n<p data-start=\"3260\" data-end=\"3286\">Gareth Jones (2018\u20132024)<\/p>\n<\/li>\n<li data-start=\"3287\" data-end=\"3314\">\n<p data-start=\"3289\" data-end=\"3314\">Emrys Owen (2025\u2013present)<\/p>\n<\/li>\n<\/ul>\n","protected":false},"excerpt":{"rendered":"<p>Membership \u2013 W.P.O. Governing Board AUSTRALIA Alfred Silvester Garoni (1964\u20131986) David Chugg (1986\u20131997) Rhonda Smith (1998\u20132013) Peter Gladwell (2013\u2013Present) AUSTRIA Ingobert Altman (1959\u20131961) Gunter Daghofer (1961\u20131962) Franz Geiger (1962\u20131991) Bernhard Keiler (1991\u20131998) Michael Deimel (1998\u20132009) Bernhard Altmann (2009\u20132023) Daniela Schildendorfer&#8230; <a class=\"more-link\" href=\"https:\/\/worldploughing.org\/?page_id=6555\">Continue Reading &rarr;<\/a><\/p>\n","protected":false},"author":1,"featured_media":0,"parent":0,"menu_order":0,"comment_status":"closed","ping_status":"closed","template":"","meta":{"ngg_post_thumbnail":0,"footnotes":"","_links_to":"","_links_to_target":""},"class_list":["post-6555","page","type-page","status-publish","hentry"],"_links":{"self":[{"href":"https:\/\/worldploughing.org\/index.php?rest_route=\/wp\/v2\/pages\/6555","targetHints":{"allow":["GET"]}}],"collection":[{"href":"https:\/\/worldploughing.org\/index.php?rest_route=\/wp\/v2\/pages"}],"about":[{"href":"https:\/\/worldploughing.org\/index.php?rest_route=\/wp\/v2\/types\/page"}],"author":[{"embeddable":true,"href":"https:\/\/worldploughing.org\/index.php?rest_route=\/wp\/v2\/users\/1"}],"replies":[{"embeddable":true,"href":"https:\/\/worldploughing.org\/index.php?rest_route=%2Fwp%2Fv2%2Fcomments&post=6555"}],"version-history":[{"count":14,"href":"https:\/\/worldploughing.org\/index.php?rest_route=\/wp\/v2\/pages\/6555\/revisions"}],"predecessor-version":[{"id":8013,"href":"https:\/\/worldploughing.org\/index.php?rest_route=\/wp\/v2\/pages\/6555\/revisions\/8013"}],"wp:attachment":[{"href":"https:\/\/worldploughing.org\/index.php?rest_route=%2Fwp%2Fv2%2Fmedia&parent=6555"}],"curies":[{"name":"wp","href":"https:\/\/api.w.org\/{rel}","templated":true}]}}