{"id":7005,"date":"2024-06-12T13:39:38","date_gmt":"2024-06-12T12:39:38","guid":{"rendered":"https:\/\/worldploughing.org\/?page_id=7005"},"modified":"2024-07-31T14:53:55","modified_gmt":"2024-07-31T13:53:55","slug":"competitors-for-world-ploughing-contest-2024","status":"publish","type":"page","link":"https:\/\/worldploughing.org\/?page_id=7005","title":{"rendered":"COMPETITORS FOR WORLD PLOUGHING CONTEST 2024"},"content":{"rendered":"<h2>Conventional<\/h2>\n<table cellspacing=\"0\" cellpadding=\"0\">\n<tbody>\n<tr>\n<td valign=\"bottom\"><span style=\"color: #000000; font-family: Calibri; font-size: large;\">COUNTRY<\/span><\/td>\n<td valign=\"bottom\">&nbsp;<\/td>\n<td valign=\"bottom\">&nbsp;<\/td>\n<td valign=\"bottom\"><span style=\"color: #000000; font-family: Calibri; font-size: large;\">NAME<\/span><\/td>\n<td valign=\"bottom\"><span style=\"color: #000000; font-family: Calibri; font-size: large;\">SURNAME<\/span><\/td>\n<\/tr>\n<tr>\n<td valign=\"bottom\">&nbsp;<\/td>\n<td valign=\"bottom\">&nbsp;<\/td>\n<td valign=\"bottom\">&nbsp;<\/td>\n<td valign=\"bottom\">&nbsp;<\/td>\n<td valign=\"bottom\">&nbsp;<\/td>\n<\/tr>\n<tr>\n<td valign=\"bottom\"><span style=\"color: #000000; font-family: Calibri; font-size: medium;\">AUSTRALIA<\/span><\/td>\n<td valign=\"bottom\">&nbsp;<\/td>\n<td valign=\"bottom\">&nbsp;<\/td>\n<td valign=\"bottom\"><span style=\"color: #000000; font-family: Calibri; font-size: medium;\">Adrian<\/span><\/td>\n<td valign=\"bottom\"><span style=\"color: #000000; font-family: Calibri; font-size: medium;\">Tilling<\/span><\/td>\n<\/tr>\n<tr>\n<td valign=\"bottom\"><span style=\"color: #000000; font-family: Calibri; font-size: medium;\">AUSTRIA<\/span><\/td>\n<td valign=\"bottom\">&nbsp;<\/td>\n<td valign=\"bottom\">&nbsp;<\/td>\n<td valign=\"bottom\"><span style=\"color: #000000; font-family: Calibri; font-size: medium;\">Bernhard<\/span><\/td>\n<td valign=\"bottom\"><span style=\"color: #000000; font-family: Calibri; font-size: medium;\">Keferb\u00f6ck<\/span><\/td>\n<\/tr>\n<tr>\n<td valign=\"bottom\"><span style=\"color: #000000; font-family: Calibri; font-size: medium;\">BELGIUM<\/span><\/td>\n<td valign=\"bottom\">&nbsp;<\/td>\n<td valign=\"bottom\">&nbsp;<\/td>\n<td valign=\"bottom\"><span style=\"color: #000000; font-family: Calibri; font-size: medium;\">Jens<\/span><\/td>\n<td valign=\"bottom\"><span style=\"color: #000000; font-family: Calibri; font-size: medium;\">Sierens<\/span><\/td>\n<\/tr>\n<tr>\n<td valign=\"bottom\"><span style=\"color: #000000; font-family: Calibri; font-size: medium;\">CANADA<\/span><\/td>\n<td valign=\"bottom\">&nbsp;<\/td>\n<td valign=\"bottom\">&nbsp;<\/td>\n<td valign=\"bottom\"><span style=\"color: #000000; font-family: Calibri; font-size: medium;\">Brian <\/span><\/td>\n<td valign=\"bottom\"><span style=\"color: #000000; font-family: Calibri; font-size: medium;\">Davenport<\/span><\/td>\n<\/tr>\n<tr>\n<td valign=\"bottom\"><span style=\"color: #000000; font-family: Calibri; font-size: medium;\">CROATIA<\/span><\/td>\n<td valign=\"bottom\">&nbsp;<\/td>\n<td valign=\"bottom\">&nbsp;<\/td>\n<td valign=\"bottom\"><span style=\"color: #000000; font-family: Verdana; font-size: small;\">\u017deljko <\/span><\/td>\n<td valign=\"bottom\"><span style=\"color: #000000; font-family: Verdana; font-size: small;\">Golda\u0161i\u0107<\/span><\/td>\n<\/tr>\n<tr>\n<td valign=\"bottom\"><span style=\"color: #000000; font-family: Calibri; font-size: medium;\">CZECH REPUBLIC<\/span><\/td>\n<td valign=\"bottom\">&nbsp;<\/td>\n<td valign=\"bottom\">&nbsp;<\/td>\n<td valign=\"bottom\"><span style=\"color: #000000; font-family: Calibri; font-size: medium;\">Josef<\/span><\/td>\n<td valign=\"bottom\"><span style=\"color: #000000; font-family: Calibri; font-size: medium;\">Mali\u0161<\/span><\/td>\n<\/tr>\n<tr>\n<td valign=\"bottom\"><span style=\"color: #000000; font-family: Calibri; font-size: medium;\">CZECH REPUBLIC<\/span><\/td>\n<td valign=\"bottom\">&nbsp;<\/td>\n<td valign=\"bottom\">&nbsp;<\/td>\n<td valign=\"bottom\"><span style=\"color: #000000; font-family: Calibri; font-size: medium;\">Josef<\/span><\/td>\n<td valign=\"bottom\"><span style=\"color: #000000; font-family: Calibri; font-size: medium;\">\u0160tastn\u00fd<\/span><\/td>\n<\/tr>\n<tr>\n<td valign=\"bottom\"><span style=\"color: #000000; font-family: Calibri; font-size: medium;\">DENMARK<\/span><\/td>\n<td valign=\"bottom\">&nbsp;<\/td>\n<td valign=\"bottom\">&nbsp;<\/td>\n<td valign=\"bottom\"><span style=\"color: #000000; font-family: Calibri; font-size: medium;\">Martin Lindberg<\/span><\/td>\n<td valign=\"bottom\"><span style=\"color: #000000; font-family: Calibri; font-size: medium;\">Velling<\/span><\/td>\n<\/tr>\n<tr>\n<td valign=\"bottom\"><span style=\"color: #000000; font-family: Calibri; font-size: medium;\">ENGLAND<\/span><\/td>\n<td valign=\"bottom\">&nbsp;<\/td>\n<td valign=\"bottom\">&nbsp;<\/td>\n<td valign=\"bottom\"><span style=\"color: #000000; font-family: Calibri; font-size: medium;\">Ashley<\/span><\/td>\n<td valign=\"bottom\"><span style=\"color: #000000; font-family: Calibri; font-size: medium;\">Boyles<\/span><\/td>\n<\/tr>\n<tr>\n<td valign=\"bottom\"><span style=\"color: #000000; font-family: Calibri; font-size: medium;\">ESTONIA<\/span><\/td>\n<td valign=\"bottom\">&nbsp;<\/td>\n<td valign=\"bottom\">&nbsp;<\/td>\n<td valign=\"bottom\"><span style=\"color: #000000; font-family: Calibri; font-size: medium;\">Raido<\/span><\/td>\n<td valign=\"bottom\"><span style=\"color: #000000; font-family: Calibri; font-size: medium;\">Kunila<\/span><\/td>\n<\/tr>\n<tr>\n<td valign=\"bottom\"><span style=\"color: #000000; font-family: Calibri; font-size: medium;\">FINLAND<\/span><\/td>\n<td valign=\"bottom\">&nbsp;<\/td>\n<td valign=\"bottom\">&nbsp;<\/td>\n<td valign=\"bottom\"><span style=\"color: #000000; font-family: Calibri; font-size: medium;\">Juhani <\/span><\/td>\n<td valign=\"bottom\"><span style=\"color: #000000; font-family: Calibri; font-size: medium;\">Gr\u00f6nlund<\/span><\/td>\n<\/tr>\n<tr>\n<td valign=\"bottom\"><span style=\"color: #000000; font-family: Calibri; font-size: medium;\">FINLAND<\/span><\/td>\n<td valign=\"bottom\">&nbsp;<\/td>\n<td valign=\"bottom\">&nbsp;<\/td>\n<td valign=\"bottom\"><span style=\"color: #000000; font-family: Calibri; font-size: medium;\">Hannu <\/span><\/td>\n<td valign=\"bottom\"><span style=\"color: #000000; font-family: Calibri; font-size: medium;\">Kivipelto<\/span><\/td>\n<\/tr>\n<tr>\n<td valign=\"bottom\"><span style=\"color: #000000; font-family: Calibri; font-size: medium;\">FRANCE<\/span><\/td>\n<td valign=\"bottom\">&nbsp;<\/td>\n<td valign=\"bottom\">&nbsp;<\/td>\n<td valign=\"bottom\"><span style=\"color: #000000; font-family: Calibri; font-size: medium;\">Bertrand<\/span><\/td>\n<td valign=\"bottom\"><span style=\"color: #000000; font-family: Calibri; font-size: medium;\">Rott<\/span><\/td>\n<\/tr>\n<tr>\n<td valign=\"bottom\"><span style=\"color: #000000; font-family: Calibri; font-size: medium;\">GERMANY<\/span><\/td>\n<td valign=\"bottom\">&nbsp;<\/td>\n<td valign=\"bottom\">&nbsp;<\/td>\n<td valign=\"bottom\"><span style=\"color: #000000; font-family: Calibri; font-size: medium;\">Luca<\/span><\/td>\n<td valign=\"bottom\"><span style=\"color: #000000; font-family: Calibri; font-size: medium;\">Deisting<\/span><\/td>\n<\/tr>\n<tr>\n<td valign=\"bottom\"><span style=\"color: #000000; font-family: Calibri; font-size: medium;\">KENYA<\/span><\/td>\n<td valign=\"bottom\">&nbsp;<\/td>\n<td valign=\"bottom\">&nbsp;<\/td>\n<td valign=\"bottom\"><span style=\"color: #000000; font-family: Calibri; font-size: medium;\">Gilbert<\/span><\/td>\n<td valign=\"bottom\"><span style=\"color: #000000; font-family: Calibri; font-size: medium;\">Kiplagat<\/span><\/td>\n<\/tr>\n<tr>\n<td valign=\"bottom\"><span style=\"color: #000000; font-family: Calibri; font-size: medium;\">KOSOVO<\/span><\/td>\n<td valign=\"bottom\">&nbsp;<\/td>\n<td valign=\"bottom\">&nbsp;<\/td>\n<td valign=\"bottom\"><span style=\"color: #000000; font-family: Calibri; font-size: medium;\">Bledar<\/span><\/td>\n<td valign=\"bottom\"><span style=\"color: #000000; font-family: Calibri; font-size: medium;\">Krasniqi<\/span><\/td>\n<\/tr>\n<tr>\n<td valign=\"bottom\"><span style=\"color: #000000; font-family: Calibri; font-size: medium;\">NETHERLANDS<\/span><\/td>\n<td valign=\"bottom\">&nbsp;<\/td>\n<td valign=\"bottom\">&nbsp;<\/td>\n<td valign=\"bottom\"><span style=\"color: #000000; font-family: Calibri; font-size: medium;\">Ad<\/span><\/td>\n<td valign=\"bottom\"><span style=\"color: #000000; font-family: Calibri; font-size: medium;\">Buijs<\/span><\/td>\n<\/tr>\n<tr>\n<td valign=\"bottom\"><span style=\"color: #000000; font-family: Calibri; font-size: medium;\">NEW ZEALAND<\/span><\/td>\n<td valign=\"bottom\">&nbsp;<\/td>\n<td valign=\"bottom\">&nbsp;<\/td>\n<td valign=\"bottom\"><span style=\"color: #000000; font-family: Calibri; font-size: medium;\">Mark <\/span><\/td>\n<td valign=\"bottom\"><span style=\"color: #000000; font-family: Calibri; font-size: medium;\">Dillon<\/span><\/td>\n<\/tr>\n<tr>\n<td valign=\"bottom\"><span style=\"color: #000000; font-family: Calibri; font-size: medium;\">NORTHERN IRELAND<\/span><\/td>\n<td valign=\"bottom\">&nbsp;<\/td>\n<td valign=\"bottom\">&nbsp;<\/td>\n<td valign=\"bottom\"><span style=\"color: #000000; font-family: Calibri; font-size: medium;\">Andrew<\/span><\/td>\n<td valign=\"bottom\"><span style=\"color: #000000; font-family: Calibri; font-size: medium;\">Gill<\/span><\/td>\n<\/tr>\n<tr>\n<td valign=\"bottom\"><span style=\"color: #000000; font-family: Calibri; font-size: medium;\">REPUBLIC OF IRELAND<\/span><\/td>\n<td valign=\"bottom\">&nbsp;<\/td>\n<td valign=\"bottom\">&nbsp;<\/td>\n<td valign=\"bottom\"><span style=\"color: #000000; font-family: Calibri; font-size: medium;\">Eamonn<\/span><\/td>\n<td valign=\"bottom\"><span style=\"color: #000000; font-family: Calibri; font-size: medium;\">Tracey<\/span><\/td>\n<\/tr>\n<tr>\n<td valign=\"bottom\"><span style=\"color: #000000; font-family: Calibri; font-size: medium;\">SCOTLAND<\/span><\/td>\n<td valign=\"bottom\">&nbsp;<\/td>\n<td valign=\"bottom\">&nbsp;<\/td>\n<td valign=\"bottom\"><span style=\"color: #000000; font-family: Calibri; font-size: medium;\">Andrew B.<\/span><\/td>\n<td valign=\"bottom\"><span style=\"color: #000000; font-family: Calibri; font-size: medium;\">Mitchell Snr.<\/span><\/td>\n<\/tr>\n<tr>\n<td valign=\"bottom\"><span style=\"color: #000000; font-family: Calibri; font-size: medium;\">SLOVENIA<\/span><\/td>\n<td valign=\"bottom\">&nbsp;<\/td>\n<td valign=\"bottom\">&nbsp;<\/td>\n<td valign=\"bottom\"><span style=\"color: #000000; font-family: Calibri; font-size: medium;\">Metej<\/span><\/td>\n<td valign=\"bottom\"><span style=\"color: #000000; font-family: Calibri; font-size: medium;\">Sinic<\/span><\/td>\n<\/tr>\n<tr>\n<td valign=\"bottom\"><span style=\"color: #000000; font-family: Calibri; font-size: medium;\">USA<\/span><\/td>\n<td valign=\"bottom\">&nbsp;<\/td>\n<td valign=\"bottom\">&nbsp;<\/td>\n<td valign=\"bottom\"><span style=\"color: #000000; font-family: Calibri; font-size: medium;\">Gene<\/span><\/td>\n<td valign=\"bottom\"><span style=\"color: #000000; font-family: Calibri; font-size: medium;\">Gruber<\/span><\/td>\n<\/tr>\n<tr>\n<td valign=\"bottom\"><span style=\"color: #000000; font-family: Calibri; font-size: medium;\">USA<\/span><\/td>\n<td valign=\"bottom\">&nbsp;<\/td>\n<td valign=\"bottom\">&nbsp;<\/td>\n<td valign=\"bottom\"><span style=\"color: #000000; font-family: Calibri; font-size: medium;\">Jeremy<\/span><\/td>\n<td valign=\"bottom\"><span style=\"color: #000000; font-family: Calibri; font-size: medium;\">Nietfeld<\/span><\/td>\n<\/tr>\n<tr>\n<td valign=\"bottom\"><span style=\"color: #000000; font-family: Calibri; font-size: medium;\">WALES<\/span><\/td>\n<td valign=\"bottom\">&nbsp;<\/td>\n<td valign=\"bottom\">&nbsp;<\/td>\n<td valign=\"bottom\"><span style=\"color: #000000; font-family: Calibri; font-size: medium;\">Evan<\/span><\/td>\n<td valign=\"bottom\"><span style=\"color: #000000; font-family: Calibri; font-size: medium;\">Watkin<\/span><\/td>\n<\/tr>\n<\/tbody>\n<\/table>\n<h2>Reversible<\/h2>\n<table cellspacing=\"0\" cellpadding=\"0\">\n<tbody>\n<tr>\n<td valign=\"bottom\"><span style=\"color: #000000; font-family: Calibri; font-size: large;\">COUNTRY<\/span><\/td>\n<td valign=\"bottom\"><span style=\"color: #000000; font-family: Calibri; font-size: large;\">NAME<\/span><\/td>\n<td valign=\"bottom\"><span style=\"color: #000000; font-family: Calibri; font-size: large;\">SURNAME<\/span><\/td>\n<\/tr>\n<tr>\n<td valign=\"bottom\">&nbsp;<\/td>\n<td valign=\"bottom\">&nbsp;<\/td>\n<td valign=\"bottom\">&nbsp;<\/td>\n<\/tr>\n<tr>\n<td valign=\"bottom\"><span style=\"color: #000000; font-family: Calibri; font-size: medium;\">AUSTRALIA<\/span><\/td>\n<td valign=\"bottom\"><span style=\"color: #000000; font-family: Calibri; font-size: medium;\">Ian<\/span><\/td>\n<td valign=\"bottom\"><span style=\"color: #000000; font-family: Calibri; font-size: medium;\">Smith<\/span><\/td>\n<\/tr>\n<tr>\n<td valign=\"bottom\"><span style=\"color: #000000; font-family: Calibri; font-size: medium;\">AUSTRIA<\/span><\/td>\n<td valign=\"bottom\"><span style=\"color: #000000; font-family: Calibri; font-size: medium;\">Leopold<\/span><\/td>\n<td valign=\"bottom\"><span style=\"color: #000000; font-family: Calibri; font-size: medium;\">Aichberger<\/span><\/td>\n<\/tr>\n<tr>\n<td valign=\"bottom\"><span style=\"color: #000000; font-family: Calibri; font-size: medium;\">BELGIUM<\/span><\/td>\n<td valign=\"bottom\"><span style=\"color: #000000; font-family: Calibri; font-size: medium;\">Sven<\/span><\/td>\n<td valign=\"bottom\"><span style=\"color: #000000; font-family: Calibri; font-size: medium;\">Oyen<\/span><\/td>\n<\/tr>\n<tr>\n<td valign=\"bottom\"><span style=\"color: #000000; font-family: Calibri; font-size: medium;\">CANADA<\/span><\/td>\n<td valign=\"bottom\"><span style=\"color: #000000; font-family: Calibri; font-size: medium;\">Bob<\/span><\/td>\n<td valign=\"bottom\"><span style=\"color: #000000; font-family: Calibri; font-size: medium;\">Campsall<\/span><\/td>\n<\/tr>\n<tr>\n<td valign=\"bottom\"><span style=\"color: #000000; font-family: Calibri; font-size: medium;\">CROATIA<\/span><\/td>\n<td valign=\"bottom\"><span style=\"color: #000000; font-family: Calibri; font-size: medium;\">Josip<\/span><\/td>\n<td valign=\"bottom\"><span style=\"color: #000000; font-family: Calibri; font-size: medium;\">Martinovi\u0107<\/span><\/td>\n<\/tr>\n<tr>\n<td valign=\"bottom\"><span style=\"color: #000000; font-family: Calibri; font-size: medium;\">DENMARK<\/span><\/td>\n<td valign=\"bottom\"><span style=\"color: #000000; font-family: Calibri; font-size: medium;\">S\u00f8ren <\/span><\/td>\n<td valign=\"bottom\"><span style=\"color: #000000; font-family: Calibri; font-size: medium;\">Korsgaard<\/span><\/td>\n<\/tr>\n<tr>\n<td valign=\"bottom\"><span style=\"color: #000000; font-family: Calibri; font-size: medium;\">ENGLAND<\/span><\/td>\n<td valign=\"bottom\"><span style=\"color: #000000; font-family: Calibri; font-size: medium;\">Will<\/span><\/td>\n<td valign=\"bottom\"><span style=\"color: #000000; font-family: Calibri; font-size: medium;\">Tupper<\/span><\/td>\n<\/tr>\n<tr>\n<td valign=\"bottom\"><span style=\"color: #000000; font-family: Calibri; font-size: medium;\">ESTONIA<\/span><\/td>\n<td valign=\"bottom\"><span style=\"color: #000000; font-family: Calibri; font-size: medium;\">Priit <\/span><\/td>\n<td valign=\"bottom\"><span style=\"color: #000000; font-family: Calibri; font-size: medium;\">Puuorg<\/span><\/td>\n<\/tr>\n<tr>\n<td valign=\"bottom\"><span style=\"color: #000000; font-family: Calibri; font-size: medium;\">FRANCE<\/span><\/td>\n<td valign=\"bottom\"><span style=\"color: #000000; font-family: Calibri; font-size: medium;\">Mathieu<\/span><\/td>\n<td valign=\"bottom\"><span style=\"color: #000000; font-family: Calibri; font-size: medium;\">Cormoreche<\/span><\/td>\n<\/tr>\n<tr>\n<td valign=\"bottom\"><span style=\"color: #000000; font-family: Calibri; font-size: medium;\">GERMANY<\/span><\/td>\n<td valign=\"bottom\"><span style=\"color: #000000; font-family: Calibri; font-size: medium;\">Michael<\/span><\/td>\n<td valign=\"bottom\"><span style=\"color: #000000; font-family: Calibri; font-size: medium;\">Dorner<\/span><\/td>\n<\/tr>\n<tr>\n<td valign=\"bottom\"><span style=\"color: #000000; font-family: Calibri; font-size: medium;\">KENYA<\/span><\/td>\n<td valign=\"bottom\"><span style=\"color: #000000; font-family: Calibri; font-size: medium;\">Stephen<\/span><\/td>\n<td valign=\"bottom\"><span style=\"color: #000000; font-family: Calibri; font-size: medium;\">Kitur<\/span><\/td>\n<\/tr>\n<tr>\n<td valign=\"bottom\"><span style=\"color: #000000; font-family: Calibri; font-size: medium;\">LATVIA<\/span><\/td>\n<td valign=\"bottom\"><span style=\"color: #000000; font-family: Calibri; font-size: medium;\">Janis<\/span><\/td>\n<td valign=\"bottom\"><span style=\"color: #000000; font-family: Calibri; font-size: medium;\">Vaitkevics<\/span><\/td>\n<\/tr>\n<tr>\n<td valign=\"bottom\"><span style=\"color: #000000; font-family: Calibri; font-size: medium;\">NETHERLANDS<\/span><\/td>\n<td valign=\"bottom\"><span style=\"color: #000000; font-family: Calibri; font-size: medium;\">Harm<\/span><\/td>\n<td valign=\"bottom\"><span style=\"color: #000000; font-family: Calibri; font-size: medium;\">van der Velden<\/span><\/td>\n<\/tr>\n<tr>\n<td valign=\"bottom\"><span style=\"color: #000000; font-family: Calibri; font-size: medium;\">NEW ZEALAND<\/span><\/td>\n<td valign=\"bottom\"><span style=\"color: #000000; font-family: Calibri; font-size: medium;\">Bob<\/span><\/td>\n<td valign=\"bottom\"><span style=\"color: #000000; font-family: Calibri; font-size: medium;\">Mehrtens<\/span><\/td>\n<\/tr>\n<tr>\n<td valign=\"bottom\"><span style=\"color: #000000; font-family: Calibri; font-size: medium;\">NORTHERN IRELAND<\/span><\/td>\n<td valign=\"bottom\"><span style=\"color: #000000; font-family: Calibri; font-size: medium;\">David<\/span><\/td>\n<td valign=\"bottom\"><span style=\"color: #000000; font-family: Calibri; font-size: medium;\">Wright<\/span><\/td>\n<\/tr>\n<tr>\n<td valign=\"bottom\"><span style=\"color: #000000; font-family: Calibri; font-size: medium;\">REPUBLIC OF IRELAND<\/span><\/td>\n<td valign=\"bottom\"><span style=\"color: #000000; font-family: Calibri; font-size: medium;\">Jer<\/span><\/td>\n<td valign=\"bottom\"><span style=\"color: #000000; font-family: Calibri; font-size: medium;\">Coakley<\/span><\/td>\n<\/tr>\n<tr>\n<td valign=\"bottom\"><span style=\"color: #000000; font-family: Calibri; font-size: medium;\">SCOTLAND<\/span><\/td>\n<td valign=\"bottom\"><span style=\"color: #000000; font-family: Calibri; font-size: medium;\">Brian<\/span><\/td>\n<td valign=\"bottom\"><span style=\"color: #000000; font-family: Calibri; font-size: medium;\">Baxter<\/span><\/td>\n<\/tr>\n<tr>\n<td valign=\"bottom\"><span style=\"color: #000000; font-family: Calibri; font-size: medium;\">SLOVENIA<\/span><\/td>\n<td valign=\"bottom\"><span style=\"color: #000000; font-family: Calibri; font-size: medium;\">Igor<\/span><\/td>\n<td valign=\"bottom\"><span style=\"color: #000000; font-family: Calibri; font-size: medium;\">Pate<\/span><\/td>\n<\/tr>\n<tr>\n<td valign=\"bottom\"><span style=\"color: #000000; font-family: Calibri; font-size: medium;\">SWEDEN<\/span><\/td>\n<td valign=\"bottom\"><span style=\"color: #000000; font-family: Calibri; font-size: medium;\">Rasmus<\/span><\/td>\n<td valign=\"bottom\"><span style=\"color: #000000; font-family: Calibri; font-size: medium;\">Bolmgren<\/span><\/td>\n<\/tr>\n<tr>\n<td valign=\"bottom\"><span style=\"color: #000000; font-family: Calibri; font-size: medium;\">SWITZERLAND<\/span><\/td>\n<td valign=\"bottom\"><span style=\"color: #000000; font-family: Calibri; font-size: medium;\">Ueli <\/span><\/td>\n<td valign=\"bottom\"><span style=\"color: #000000; font-family: Calibri; font-size: medium;\">Hagen<\/span><\/td>\n<\/tr>\n<tr>\n<td valign=\"bottom\"><span style=\"color: #000000; font-family: Calibri; font-size: medium;\">WALES<\/span><\/td>\n<td valign=\"bottom\"><span style=\"color: #000000; font-family: Calibri; font-size: medium;\">Hugh<\/span><\/td>\n<td valign=\"bottom\"><span style=\"color: #000000; font-family: Calibri; font-size: medium;\">Griffith<\/span><\/td>\n<\/tr>\n<\/tbody>\n<\/table>\n","protected":false},"excerpt":{"rendered":"<p>Conventional COUNTRY &nbsp; &nbsp; NAME SURNAME &nbsp; &nbsp; &nbsp; &nbsp; &nbsp; AUSTRALIA &nbsp; &nbsp; Adrian Tilling AUSTRIA &nbsp; &nbsp; Bernhard Keferb\u00f6ck BELGIUM &nbsp; &nbsp; Jens Sierens CANADA &nbsp; &nbsp; Brian Davenport CROATIA &nbsp; &nbsp; \u017deljko Golda\u0161i\u0107 CZECH REPUBLIC &nbsp; &nbsp;&#8230; <a class=\"more-link\" href=\"https:\/\/worldploughing.org\/?page_id=7005\">Continue Reading &rarr;<\/a><\/p>\n","protected":false},"author":1,"featured_media":0,"parent":0,"menu_order":0,"comment_status":"closed","ping_status":"closed","template":"","meta":{"ngg_post_thumbnail":0,"footnotes":"","_links_to":"","_links_to_target":""},"class_list":["post-7005","page","type-page","status-publish","hentry"],"_links":{"self":[{"href":"https:\/\/worldploughing.org\/index.php?rest_route=\/wp\/v2\/pages\/7005","targetHints":{"allow":["GET"]}}],"collection":[{"href":"https:\/\/worldploughing.org\/index.php?rest_route=\/wp\/v2\/pages"}],"about":[{"href":"https:\/\/worldploughing.org\/index.php?rest_route=\/wp\/v2\/types\/page"}],"author":[{"embeddable":true,"href":"https:\/\/worldploughing.org\/index.php?rest_route=\/wp\/v2\/users\/1"}],"replies":[{"embeddable":true,"href":"https:\/\/worldploughing.org\/index.php?rest_route=%2Fwp%2Fv2%2Fcomments&post=7005"}],"version-history":[{"count":3,"href":"https:\/\/worldploughing.org\/index.php?rest_route=\/wp\/v2\/pages\/7005\/revisions"}],"predecessor-version":[{"id":7011,"href":"https:\/\/worldploughing.org\/index.php?rest_route=\/wp\/v2\/pages\/7005\/revisions\/7011"}],"wp:attachment":[{"href":"https:\/\/worldploughing.org\/index.php?rest_route=%2Fwp%2Fv2%2Fmedia&parent=7005"}],"curies":[{"name":"wp","href":"https:\/\/api.w.org\/{rel}","templated":true}]}}